{"id":10,"date":"2015-03-22T14:24:12","date_gmt":"2015-03-22T13:24:12","guid":{"rendered":"http:\/\/bterv.hu\/?page_id=10"},"modified":"2015-10-28T00:20:45","modified_gmt":"2015-10-27T23:20:45","slug":"muszaki-ellenorzes","status":"publish","type":"page","link":"https:\/\/bterv.hu\/?page_id=10","title":{"rendered":"M\u0171szaki ellen\u0151rz\u00e9s"},"content":{"rendered":"<h3 class=\"post-title entry-title\">M\u0171szaki ellen\u0151rz\u00e9s<\/h3>\n<div class=\"post-header\"><\/div>\n<div id=\"post-body-1543620588729098019\" class=\"post-body entry-content\">\n<div>A piaci ig\u00e9nyeket k\u00f6vetve 2008 \u00f3ta v\u00e9gz\u00fcnk m\u0171szaki ellen\u0151rz\u00e9si munk\u00e1t.<br \/>\nTev\u00e9kenys\u00e9g\u00fcnket, a vonatkoz\u00f3 rendelet szerint v\u00e9gezz\u00fck, de egy\u00e9ni meg\u00e1llapod\u00e1s szerint b\u0151v\u00edthet\u0151ek a szolg\u00e1ltat\u00e1saink.<\/p>\n<p>Tervellen\u0151ri feladatot is v\u00e1llalunk.<\/p><\/div>\n<\/div>\n","protected":false},"excerpt":{"rendered":"<p>M\u0171szaki ellen\u0151rz\u00e9s A piaci ig\u00e9nyeket k\u00f6vetve 2008 \u00f3ta v\u00e9gz\u00fcnk m\u0171szaki ellen\u0151rz\u00e9si munk\u00e1t. Tev\u00e9kenys\u00e9g\u00fcnket, a vonatkoz\u00f3 rendelet szerint v\u00e9gezz\u00fck, de egy\u00e9ni meg\u00e1llapod\u00e1s szerint b\u0151v\u00edthet\u0151ek a szolg\u00e1ltat\u00e1saink. Tervellen\u0151ri feladatot is v\u00e1llalunk.<\/p>\n","protected":false},"author":1,"featured_media":0,"parent":0,"menu_order":2,"comment_status":"closed","ping_status":"closed","template":"","meta":{"ngg_post_thumbnail":0,"footnotes":""},"class_list":["post-10","page","type-page","status-publish","hentry"],"yoast_head":"<!-- This site is optimized with the Yoast SEO plugin v27.3 - https:\/\/yoast.com\/product\/yoast-seo-wordpress\/ -->\n<title>M\u0171szaki ellen\u0151rz\u00e9s - B Terv St\u00fadi\u00f3 Kft.<\/title>\n<meta name=\"robots\" content=\"index, follow, max-snippet:-1, max-image-preview:large, max-video-preview:-1\" \/>\n<link rel=\"canonical\" href=\"https:\/\/bterv.hu\/?page_id=10\" \/>\n<meta property=\"og:locale\" content=\"hu_HU\" \/>\n<meta property=\"og:type\" content=\"article\" \/>\n<meta property=\"og:title\" content=\"M\u0171szaki ellen\u0151rz\u00e9s - B Terv St\u00fadi\u00f3 Kft.\" \/>\n<meta property=\"og:description\" content=\"M\u0171szaki ellen\u0151rz\u00e9s A piaci ig\u00e9nyeket k\u00f6vetve 2008 \u00f3ta v\u00e9gz\u00fcnk m\u0171szaki ellen\u0151rz\u00e9si munk\u00e1t. Tev\u00e9kenys\u00e9g\u00fcnket, a vonatkoz\u00f3 rendelet szerint v\u00e9gezz\u00fck, de egy\u00e9ni meg\u00e1llapod\u00e1s szerint b\u0151v\u00edthet\u0151ek a szolg\u00e1ltat\u00e1saink. Tervellen\u0151ri feladatot is v\u00e1llalunk.\" \/>\n<meta property=\"og:url\" content=\"https:\/\/bterv.hu\/?page_id=10\" \/>\n<meta property=\"og:site_name\" content=\"B Terv St\u00fadi\u00f3 Kft.\" \/>\n<meta property=\"article:modified_time\" content=\"2015-10-27T23:20:45+00:00\" \/>\n<meta name=\"twitter:card\" content=\"summary_large_image\" \/>\n<script type=\"application\/ld+json\" class=\"yoast-schema-graph\">{\"@context\":\"https:\\\/\\\/schema.org\",\"@graph\":[{\"@type\":\"WebPage\",\"@id\":\"https:\\\/\\\/bterv.hu\\\/?page_id=10\",\"url\":\"https:\\\/\\\/bterv.hu\\\/?page_id=10\",\"name\":\"M\u0171szaki ellen\u0151rz\u00e9s - B Terv St\u00fadi\u00f3 Kft.\",\"isPartOf\":{\"@id\":\"https:\\\/\\\/bterv.hu\\\/#website\"},\"datePublished\":\"2015-03-22T13:24:12+00:00\",\"dateModified\":\"2015-10-27T23:20:45+00:00\",\"breadcrumb\":{\"@id\":\"https:\\\/\\\/bterv.hu\\\/?page_id=10#breadcrumb\"},\"inLanguage\":\"hu\",\"potentialAction\":[{\"@type\":\"ReadAction\",\"target\":[\"https:\\\/\\\/bterv.hu\\\/?page_id=10\"]}]},{\"@type\":\"BreadcrumbList\",\"@id\":\"https:\\\/\\\/bterv.hu\\\/?page_id=10#breadcrumb\",\"itemListElement\":[{\"@type\":\"ListItem\",\"position\":1,\"name\":\"Kezd\u0151lap\",\"item\":\"https:\\\/\\\/bterv.hu\\\/\"},{\"@type\":\"ListItem\",\"position\":2,\"name\":\"M\u0171szaki ellen\u0151rz\u00e9s\"}]},{\"@type\":\"WebSite\",\"@id\":\"https:\\\/\\\/bterv.hu\\\/#website\",\"url\":\"https:\\\/\\\/bterv.hu\\\/\",\"name\":\"B Terv St\u00fadi\u00f3 Kft.\",\"description\":\"\u00e9p\u00fcletg\u00e9p\u00e9sz tervez\u00e9s\",\"potentialAction\":[{\"@type\":\"SearchAction\",\"target\":{\"@type\":\"EntryPoint\",\"urlTemplate\":\"https:\\\/\\\/bterv.hu\\\/?s={search_term_string}\"},\"query-input\":{\"@type\":\"PropertyValueSpecification\",\"valueRequired\":true,\"valueName\":\"search_term_string\"}}],\"inLanguage\":\"hu\"}]}<\/script>\n<!-- \/ Yoast SEO plugin. -->","yoast_head_json":{"title":"M\u0171szaki ellen\u0151rz\u00e9s - B Terv St\u00fadi\u00f3 Kft.","robots":{"index":"index","follow":"follow","max-snippet":"max-snippet:-1","max-image-preview":"max-image-preview:large","max-video-preview":"max-video-preview:-1"},"canonical":"https:\/\/bterv.hu\/?page_id=10","og_locale":"hu_HU","og_type":"article","og_title":"M\u0171szaki ellen\u0151rz\u00e9s - B Terv St\u00fadi\u00f3 Kft.","og_description":"M\u0171szaki ellen\u0151rz\u00e9s A piaci ig\u00e9nyeket k\u00f6vetve 2008 \u00f3ta v\u00e9gz\u00fcnk m\u0171szaki ellen\u0151rz\u00e9si munk\u00e1t. Tev\u00e9kenys\u00e9g\u00fcnket, a vonatkoz\u00f3 rendelet szerint v\u00e9gezz\u00fck, de egy\u00e9ni meg\u00e1llapod\u00e1s szerint b\u0151v\u00edthet\u0151ek a szolg\u00e1ltat\u00e1saink. Tervellen\u0151ri feladatot is v\u00e1llalunk.","og_url":"https:\/\/bterv.hu\/?page_id=10","og_site_name":"B Terv St\u00fadi\u00f3 Kft.","article_modified_time":"2015-10-27T23:20:45+00:00","twitter_card":"summary_large_image","schema":{"@context":"https:\/\/schema.org","@graph":[{"@type":"WebPage","@id":"https:\/\/bterv.hu\/?page_id=10","url":"https:\/\/bterv.hu\/?page_id=10","name":"M\u0171szaki ellen\u0151rz\u00e9s - B Terv St\u00fadi\u00f3 Kft.","isPartOf":{"@id":"https:\/\/bterv.hu\/#website"},"datePublished":"2015-03-22T13:24:12+00:00","dateModified":"2015-10-27T23:20:45+00:00","breadcrumb":{"@id":"https:\/\/bterv.hu\/?page_id=10#breadcrumb"},"inLanguage":"hu","potentialAction":[{"@type":"ReadAction","target":["https:\/\/bterv.hu\/?page_id=10"]}]},{"@type":"BreadcrumbList","@id":"https:\/\/bterv.hu\/?page_id=10#breadcrumb","itemListElement":[{"@type":"ListItem","position":1,"name":"Kezd\u0151lap","item":"https:\/\/bterv.hu\/"},{"@type":"ListItem","position":2,"name":"M\u0171szaki ellen\u0151rz\u00e9s"}]},{"@type":"WebSite","@id":"https:\/\/bterv.hu\/#website","url":"https:\/\/bterv.hu\/","name":"B Terv St\u00fadi\u00f3 Kft.","description":"\u00e9p\u00fcletg\u00e9p\u00e9sz tervez\u00e9s","potentialAction":[{"@type":"SearchAction","target":{"@type":"EntryPoint","urlTemplate":"https:\/\/bterv.hu\/?s={search_term_string}"},"query-input":{"@type":"PropertyValueSpecification","valueRequired":true,"valueName":"search_term_string"}}],"inLanguage":"hu"}]}},"_links":{"self":[{"href":"https:\/\/bterv.hu\/index.php?rest_route=\/wp\/v2\/pages\/10","targetHints":{"allow":["GET"]}}],"collection":[{"href":"https:\/\/bterv.hu\/index.php?rest_route=\/wp\/v2\/pages"}],"about":[{"href":"https:\/\/bterv.hu\/index.php?rest_route=\/wp\/v2\/types\/page"}],"author":[{"embeddable":true,"href":"https:\/\/bterv.hu\/index.php?rest_route=\/wp\/v2\/users\/1"}],"replies":[{"embeddable":true,"href":"https:\/\/bterv.hu\/index.php?rest_route=%2Fwp%2Fv2%2Fcomments&post=10"}],"version-history":[{"count":1,"href":"https:\/\/bterv.hu\/index.php?rest_route=\/wp\/v2\/pages\/10\/revisions"}],"predecessor-version":[{"id":11,"href":"https:\/\/bterv.hu\/index.php?rest_route=\/wp\/v2\/pages\/10\/revisions\/11"}],"wp:attachment":[{"href":"https:\/\/bterv.hu\/index.php?rest_route=%2Fwp%2Fv2%2Fmedia&parent=10"}],"curies":[{"name":"wp","href":"https:\/\/api.w.org\/{rel}","templated":true}]}}