{"id":100,"date":"2015-10-28T09:20:12","date_gmt":"2015-10-28T08:20:12","guid":{"rendered":"http:\/\/bterv.hu\/?page_id=100"},"modified":"2016-02-09T17:08:47","modified_gmt":"2016-02-09T16:08:47","slug":"adatelemzesek-audit","status":"publish","type":"page","link":"https:\/\/bterv.hu\/?page_id=100","title":{"rendered":"P\u00e1ly\u00e1zat m\u0171szaki t\u00e1mogat\u00e1s, adatelemz\u00e9s, audit, energetikai audit"},"content":{"rendered":"<p>&nbsp;<\/p>\n<p><strong>P\u00e1ly\u00e1zatokhoz \u00e9p\u00fcletg\u00e9p\u00e9szeti szakmai dokument\u00e1ci\u00f3k k\u00e9sz\u00edt\u00e9se<\/strong><\/p>\n<p>\u00d6nkorm\u00e1nyzatok:<br \/>\nG\u00f6d,<br \/>\nKismaros,<br \/>\nNagymaros,<br \/>\nDunakeszi,<br \/>\nV\u00e9rtessz\u0151l\u0151s,<br \/>\nPenc,<br \/>\nSzokolya<\/p>\n<p>TKKI (<span class=\"st\">T\u00fcrr Istv\u00e1n K\u00e9pz\u0151 \u00e9s Kutat\u00f3 Int\u00e9zet<\/span>) \u00e9p\u00fclet fel\u00faj\u00edt\u00e1si munk\u00e1lataihoz.<\/p>\n<p><strong>Adatelemz\u00e9sek, audit:<\/strong><\/p>\n<p>Vodafone szervertermek orsz\u00e1g szerte<\/p>\n<p>Trend2 bev\u00e1s\u00e1rl\u00f3 k\u00f6zpont g\u00e9p\u00e9szeti, villamos energetikai audit<\/p>\n","protected":false},"excerpt":{"rendered":"<p>&nbsp; P\u00e1ly\u00e1zatokhoz \u00e9p\u00fcletg\u00e9p\u00e9szeti szakmai dokument\u00e1ci\u00f3k k\u00e9sz\u00edt\u00e9se \u00d6nkorm\u00e1nyzatok: G\u00f6d, Kismaros, Nagymaros, Dunakeszi, V\u00e9rtessz\u0151l\u0151s, Penc, Szokolya TKKI (T\u00fcrr Istv\u00e1n K\u00e9pz\u0151 \u00e9s Kutat\u00f3 Int\u00e9zet) \u00e9p\u00fclet fel\u00faj\u00edt\u00e1si munk\u00e1lataihoz. Adatelemz\u00e9sek, audit: Vodafone szervertermek orsz\u00e1g szerte Trend2 bev\u00e1s\u00e1rl\u00f3 k\u00f6zpont g\u00e9p\u00e9szeti, villamos energetikai audit<\/p>\n","protected":false},"author":1,"featured_media":0,"parent":14,"menu_order":3,"comment_status":"closed","ping_status":"closed","template":"","meta":{"ngg_post_thumbnail":0,"footnotes":""},"class_list":["post-100","page","type-page","status-publish","hentry"],"yoast_head":"<!-- This site is optimized with the Yoast SEO plugin v27.3 - https:\/\/yoast.com\/product\/yoast-seo-wordpress\/ -->\n<title>P\u00e1ly\u00e1zat m\u0171szaki t\u00e1mogat\u00e1s, adatelemz\u00e9s, audit, energetikai audit - B Terv St\u00fadi\u00f3 Kft.<\/title>\n<meta name=\"robots\" content=\"index, follow, max-snippet:-1, max-image-preview:large, max-video-preview:-1\" \/>\n<link rel=\"canonical\" href=\"https:\/\/bterv.hu\/?page_id=100\" \/>\n<meta property=\"og:locale\" content=\"hu_HU\" \/>\n<meta property=\"og:type\" content=\"article\" \/>\n<meta property=\"og:title\" content=\"P\u00e1ly\u00e1zat m\u0171szaki t\u00e1mogat\u00e1s, adatelemz\u00e9s, audit, energetikai audit - B Terv St\u00fadi\u00f3 Kft.\" \/>\n<meta property=\"og:description\" content=\"&nbsp; P\u00e1ly\u00e1zatokhoz \u00e9p\u00fcletg\u00e9p\u00e9szeti szakmai dokument\u00e1ci\u00f3k k\u00e9sz\u00edt\u00e9se \u00d6nkorm\u00e1nyzatok: G\u00f6d, Kismaros, Nagymaros, Dunakeszi, V\u00e9rtessz\u0151l\u0151s, Penc, Szokolya TKKI (T\u00fcrr Istv\u00e1n K\u00e9pz\u0151 \u00e9s Kutat\u00f3 Int\u00e9zet) \u00e9p\u00fclet fel\u00faj\u00edt\u00e1si munk\u00e1lataihoz. Adatelemz\u00e9sek, audit: Vodafone szervertermek orsz\u00e1g szerte Trend2 bev\u00e1s\u00e1rl\u00f3 k\u00f6zpont g\u00e9p\u00e9szeti, villamos energetikai audit\" \/>\n<meta property=\"og:url\" content=\"https:\/\/bterv.hu\/?page_id=100\" \/>\n<meta property=\"og:site_name\" content=\"B Terv St\u00fadi\u00f3 Kft.\" \/>\n<meta property=\"article:modified_time\" content=\"2016-02-09T16:08:47+00:00\" \/>\n<meta name=\"twitter:card\" content=\"summary_large_image\" \/>\n<script type=\"application\/ld+json\" class=\"yoast-schema-graph\">{\"@context\":\"https:\\\/\\\/schema.org\",\"@graph\":[{\"@type\":\"WebPage\",\"@id\":\"https:\\\/\\\/bterv.hu\\\/?page_id=100\",\"url\":\"https:\\\/\\\/bterv.hu\\\/?page_id=100\",\"name\":\"P\u00e1ly\u00e1zat m\u0171szaki t\u00e1mogat\u00e1s, adatelemz\u00e9s, audit, energetikai audit - B Terv St\u00fadi\u00f3 Kft.\",\"isPartOf\":{\"@id\":\"https:\\\/\\\/bterv.hu\\\/#website\"},\"datePublished\":\"2015-10-28T08:20:12+00:00\",\"dateModified\":\"2016-02-09T16:08:47+00:00\",\"breadcrumb\":{\"@id\":\"https:\\\/\\\/bterv.hu\\\/?page_id=100#breadcrumb\"},\"inLanguage\":\"hu\",\"potentialAction\":[{\"@type\":\"ReadAction\",\"target\":[\"https:\\\/\\\/bterv.hu\\\/?page_id=100\"]}]},{\"@type\":\"BreadcrumbList\",\"@id\":\"https:\\\/\\\/bterv.hu\\\/?page_id=100#breadcrumb\",\"itemListElement\":[{\"@type\":\"ListItem\",\"position\":1,\"name\":\"Kezd\u0151lap\",\"item\":\"https:\\\/\\\/bterv.hu\\\/\"},{\"@type\":\"ListItem\",\"position\":2,\"name\":\"Referenci\u00e1k\",\"item\":\"https:\\\/\\\/bterv.hu\\\/?page_id=14\"},{\"@type\":\"ListItem\",\"position\":3,\"name\":\"P\u00e1ly\u00e1zat m\u0171szaki t\u00e1mogat\u00e1s, adatelemz\u00e9s, audit, energetikai audit\"}]},{\"@type\":\"WebSite\",\"@id\":\"https:\\\/\\\/bterv.hu\\\/#website\",\"url\":\"https:\\\/\\\/bterv.hu\\\/\",\"name\":\"B Terv St\u00fadi\u00f3 Kft.\",\"description\":\"\u00e9p\u00fcletg\u00e9p\u00e9sz tervez\u00e9s\",\"potentialAction\":[{\"@type\":\"SearchAction\",\"target\":{\"@type\":\"EntryPoint\",\"urlTemplate\":\"https:\\\/\\\/bterv.hu\\\/?s={search_term_string}\"},\"query-input\":{\"@type\":\"PropertyValueSpecification\",\"valueRequired\":true,\"valueName\":\"search_term_string\"}}],\"inLanguage\":\"hu\"}]}<\/script>\n<!-- \/ Yoast SEO plugin. -->","yoast_head_json":{"title":"P\u00e1ly\u00e1zat m\u0171szaki t\u00e1mogat\u00e1s, adatelemz\u00e9s, audit, energetikai audit - B Terv St\u00fadi\u00f3 Kft.","robots":{"index":"index","follow":"follow","max-snippet":"max-snippet:-1","max-image-preview":"max-image-preview:large","max-video-preview":"max-video-preview:-1"},"canonical":"https:\/\/bterv.hu\/?page_id=100","og_locale":"hu_HU","og_type":"article","og_title":"P\u00e1ly\u00e1zat m\u0171szaki t\u00e1mogat\u00e1s, adatelemz\u00e9s, audit, energetikai audit - B Terv St\u00fadi\u00f3 Kft.","og_description":"&nbsp; P\u00e1ly\u00e1zatokhoz \u00e9p\u00fcletg\u00e9p\u00e9szeti szakmai dokument\u00e1ci\u00f3k k\u00e9sz\u00edt\u00e9se \u00d6nkorm\u00e1nyzatok: G\u00f6d, Kismaros, Nagymaros, Dunakeszi, V\u00e9rtessz\u0151l\u0151s, Penc, Szokolya TKKI (T\u00fcrr Istv\u00e1n K\u00e9pz\u0151 \u00e9s Kutat\u00f3 Int\u00e9zet) \u00e9p\u00fclet fel\u00faj\u00edt\u00e1si munk\u00e1lataihoz. Adatelemz\u00e9sek, audit: Vodafone szervertermek orsz\u00e1g szerte Trend2 bev\u00e1s\u00e1rl\u00f3 k\u00f6zpont g\u00e9p\u00e9szeti, villamos energetikai audit","og_url":"https:\/\/bterv.hu\/?page_id=100","og_site_name":"B Terv St\u00fadi\u00f3 Kft.","article_modified_time":"2016-02-09T16:08:47+00:00","twitter_card":"summary_large_image","schema":{"@context":"https:\/\/schema.org","@graph":[{"@type":"WebPage","@id":"https:\/\/bterv.hu\/?page_id=100","url":"https:\/\/bterv.hu\/?page_id=100","name":"P\u00e1ly\u00e1zat m\u0171szaki t\u00e1mogat\u00e1s, adatelemz\u00e9s, audit, energetikai audit - B Terv St\u00fadi\u00f3 Kft.","isPartOf":{"@id":"https:\/\/bterv.hu\/#website"},"datePublished":"2015-10-28T08:20:12+00:00","dateModified":"2016-02-09T16:08:47+00:00","breadcrumb":{"@id":"https:\/\/bterv.hu\/?page_id=100#breadcrumb"},"inLanguage":"hu","potentialAction":[{"@type":"ReadAction","target":["https:\/\/bterv.hu\/?page_id=100"]}]},{"@type":"BreadcrumbList","@id":"https:\/\/bterv.hu\/?page_id=100#breadcrumb","itemListElement":[{"@type":"ListItem","position":1,"name":"Kezd\u0151lap","item":"https:\/\/bterv.hu\/"},{"@type":"ListItem","position":2,"name":"Referenci\u00e1k","item":"https:\/\/bterv.hu\/?page_id=14"},{"@type":"ListItem","position":3,"name":"P\u00e1ly\u00e1zat m\u0171szaki t\u00e1mogat\u00e1s, adatelemz\u00e9s, audit, energetikai audit"}]},{"@type":"WebSite","@id":"https:\/\/bterv.hu\/#website","url":"https:\/\/bterv.hu\/","name":"B Terv St\u00fadi\u00f3 Kft.","description":"\u00e9p\u00fcletg\u00e9p\u00e9sz tervez\u00e9s","potentialAction":[{"@type":"SearchAction","target":{"@type":"EntryPoint","urlTemplate":"https:\/\/bterv.hu\/?s={search_term_string}"},"query-input":{"@type":"PropertyValueSpecification","valueRequired":true,"valueName":"search_term_string"}}],"inLanguage":"hu"}]}},"_links":{"self":[{"href":"https:\/\/bterv.hu\/index.php?rest_route=\/wp\/v2\/pages\/100","targetHints":{"allow":["GET"]}}],"collection":[{"href":"https:\/\/bterv.hu\/index.php?rest_route=\/wp\/v2\/pages"}],"about":[{"href":"https:\/\/bterv.hu\/index.php?rest_route=\/wp\/v2\/types\/page"}],"author":[{"embeddable":true,"href":"https:\/\/bterv.hu\/index.php?rest_route=\/wp\/v2\/users\/1"}],"replies":[{"embeddable":true,"href":"https:\/\/bterv.hu\/index.php?rest_route=%2Fwp%2Fv2%2Fcomments&post=100"}],"version-history":[{"count":8,"href":"https:\/\/bterv.hu\/index.php?rest_route=\/wp\/v2\/pages\/100\/revisions"}],"predecessor-version":[{"id":167,"href":"https:\/\/bterv.hu\/index.php?rest_route=\/wp\/v2\/pages\/100\/revisions\/167"}],"up":[{"embeddable":true,"href":"https:\/\/bterv.hu\/index.php?rest_route=\/wp\/v2\/pages\/14"}],"wp:attachment":[{"href":"https:\/\/bterv.hu\/index.php?rest_route=%2Fwp%2Fv2%2Fmedia&parent=100"}],"curies":[{"name":"wp","href":"https:\/\/api.w.org\/{rel}","templated":true}]}}