{"id":111,"date":"2015-10-28T09:35:35","date_gmt":"2015-10-28T08:35:35","guid":{"rendered":"http:\/\/bterv.hu\/?page_id=111"},"modified":"2016-02-11T21:48:18","modified_gmt":"2016-02-11T20:48:18","slug":"kivitelezes-tamogatas","status":"publish","type":"page","link":"https:\/\/bterv.hu\/?page_id=111","title":{"rendered":"Kivitelez\u00e9s t\u00e1mogat\u00e1s"},"content":{"rendered":"<p><strong><\/strong>Medicover rendel\u0151, iroda 4 cs\u00f6ves h\u0171t\u00e9s-f\u0171t\u00e9s m\u00e9r\u00e9s beszab\u00e1lyoz\u00e1s.<\/p>\n<p>Hirtenberger Automotive Safety Hungary ipari h\u0171t\u0151 termoventil\u00e1tor h\u0171t\u00e9s m\u00e9r\u00e9s, beszab\u00e1lyoz\u00e1s.<\/p>\n<p>Sanipex Hung\u00e1ria Kft. \u00e9p\u00fcletg\u00e9p\u00e9szeti kivitelez\u00e9si munk\u00e1k.<\/p>\n<p>Woodwill Fah\u00e1z Kft. finn gerendah\u00e1z \u00e9p\u00fcletg\u00e9p\u00e9szeti kivitelez\u00e9si munk\u00e1k.<\/p>\n","protected":false},"excerpt":{"rendered":"<p>Medicover rendel\u0151, iroda 4 cs\u00f6ves h\u0171t\u00e9s-f\u0171t\u00e9s m\u00e9r\u00e9s beszab\u00e1lyoz\u00e1s. Hirtenberger Automotive Safety Hungary ipari h\u0171t\u0151 termoventil\u00e1tor h\u0171t\u00e9s m\u00e9r\u00e9s, beszab\u00e1lyoz\u00e1s. Sanipex Hung\u00e1ria Kft. \u00e9p\u00fcletg\u00e9p\u00e9szeti kivitelez\u00e9si munk\u00e1k. Woodwill Fah\u00e1z Kft. finn gerendah\u00e1z \u00e9p\u00fcletg\u00e9p\u00e9szeti kivitelez\u00e9si munk\u00e1k.<\/p>\n","protected":false},"author":1,"featured_media":0,"parent":14,"menu_order":4,"comment_status":"closed","ping_status":"closed","template":"","meta":{"ngg_post_thumbnail":0,"footnotes":""},"class_list":["post-111","page","type-page","status-publish","hentry"],"yoast_head":"<!-- This site is optimized with the Yoast SEO plugin v27.3 - https:\/\/yoast.com\/product\/yoast-seo-wordpress\/ -->\n<title>Kivitelez\u00e9s t\u00e1mogat\u00e1s - B Terv St\u00fadi\u00f3 Kft.<\/title>\n<meta name=\"robots\" content=\"index, follow, max-snippet:-1, max-image-preview:large, max-video-preview:-1\" \/>\n<link rel=\"canonical\" href=\"https:\/\/bterv.hu\/?page_id=111\" \/>\n<meta property=\"og:locale\" content=\"hu_HU\" \/>\n<meta property=\"og:type\" content=\"article\" \/>\n<meta property=\"og:title\" content=\"Kivitelez\u00e9s t\u00e1mogat\u00e1s - B Terv St\u00fadi\u00f3 Kft.\" \/>\n<meta property=\"og:description\" content=\"Medicover rendel\u0151, iroda 4 cs\u00f6ves h\u0171t\u00e9s-f\u0171t\u00e9s m\u00e9r\u00e9s beszab\u00e1lyoz\u00e1s. Hirtenberger Automotive Safety Hungary ipari h\u0171t\u0151 termoventil\u00e1tor h\u0171t\u00e9s m\u00e9r\u00e9s, beszab\u00e1lyoz\u00e1s. Sanipex Hung\u00e1ria Kft. \u00e9p\u00fcletg\u00e9p\u00e9szeti kivitelez\u00e9si munk\u00e1k. Woodwill Fah\u00e1z Kft. finn gerendah\u00e1z \u00e9p\u00fcletg\u00e9p\u00e9szeti kivitelez\u00e9si munk\u00e1k.\" \/>\n<meta property=\"og:url\" content=\"https:\/\/bterv.hu\/?page_id=111\" \/>\n<meta property=\"og:site_name\" content=\"B Terv St\u00fadi\u00f3 Kft.\" \/>\n<meta property=\"article:modified_time\" content=\"2016-02-11T20:48:18+00:00\" \/>\n<meta name=\"twitter:card\" content=\"summary_large_image\" \/>\n<script type=\"application\/ld+json\" class=\"yoast-schema-graph\">{\"@context\":\"https:\\\/\\\/schema.org\",\"@graph\":[{\"@type\":\"WebPage\",\"@id\":\"https:\\\/\\\/bterv.hu\\\/?page_id=111\",\"url\":\"https:\\\/\\\/bterv.hu\\\/?page_id=111\",\"name\":\"Kivitelez\u00e9s t\u00e1mogat\u00e1s - B Terv St\u00fadi\u00f3 Kft.\",\"isPartOf\":{\"@id\":\"https:\\\/\\\/bterv.hu\\\/#website\"},\"datePublished\":\"2015-10-28T08:35:35+00:00\",\"dateModified\":\"2016-02-11T20:48:18+00:00\",\"breadcrumb\":{\"@id\":\"https:\\\/\\\/bterv.hu\\\/?page_id=111#breadcrumb\"},\"inLanguage\":\"hu\",\"potentialAction\":[{\"@type\":\"ReadAction\",\"target\":[\"https:\\\/\\\/bterv.hu\\\/?page_id=111\"]}]},{\"@type\":\"BreadcrumbList\",\"@id\":\"https:\\\/\\\/bterv.hu\\\/?page_id=111#breadcrumb\",\"itemListElement\":[{\"@type\":\"ListItem\",\"position\":1,\"name\":\"Kezd\u0151lap\",\"item\":\"https:\\\/\\\/bterv.hu\\\/\"},{\"@type\":\"ListItem\",\"position\":2,\"name\":\"Referenci\u00e1k\",\"item\":\"https:\\\/\\\/bterv.hu\\\/?page_id=14\"},{\"@type\":\"ListItem\",\"position\":3,\"name\":\"Kivitelez\u00e9s t\u00e1mogat\u00e1s\"}]},{\"@type\":\"WebSite\",\"@id\":\"https:\\\/\\\/bterv.hu\\\/#website\",\"url\":\"https:\\\/\\\/bterv.hu\\\/\",\"name\":\"B Terv St\u00fadi\u00f3 Kft.\",\"description\":\"\u00e9p\u00fcletg\u00e9p\u00e9sz tervez\u00e9s\",\"potentialAction\":[{\"@type\":\"SearchAction\",\"target\":{\"@type\":\"EntryPoint\",\"urlTemplate\":\"https:\\\/\\\/bterv.hu\\\/?s={search_term_string}\"},\"query-input\":{\"@type\":\"PropertyValueSpecification\",\"valueRequired\":true,\"valueName\":\"search_term_string\"}}],\"inLanguage\":\"hu\"}]}<\/script>\n<!-- \/ Yoast SEO plugin. -->","yoast_head_json":{"title":"Kivitelez\u00e9s t\u00e1mogat\u00e1s - B Terv St\u00fadi\u00f3 Kft.","robots":{"index":"index","follow":"follow","max-snippet":"max-snippet:-1","max-image-preview":"max-image-preview:large","max-video-preview":"max-video-preview:-1"},"canonical":"https:\/\/bterv.hu\/?page_id=111","og_locale":"hu_HU","og_type":"article","og_title":"Kivitelez\u00e9s t\u00e1mogat\u00e1s - B Terv St\u00fadi\u00f3 Kft.","og_description":"Medicover rendel\u0151, iroda 4 cs\u00f6ves h\u0171t\u00e9s-f\u0171t\u00e9s m\u00e9r\u00e9s beszab\u00e1lyoz\u00e1s. Hirtenberger Automotive Safety Hungary ipari h\u0171t\u0151 termoventil\u00e1tor h\u0171t\u00e9s m\u00e9r\u00e9s, beszab\u00e1lyoz\u00e1s. Sanipex Hung\u00e1ria Kft. \u00e9p\u00fcletg\u00e9p\u00e9szeti kivitelez\u00e9si munk\u00e1k. Woodwill Fah\u00e1z Kft. finn gerendah\u00e1z \u00e9p\u00fcletg\u00e9p\u00e9szeti kivitelez\u00e9si munk\u00e1k.","og_url":"https:\/\/bterv.hu\/?page_id=111","og_site_name":"B Terv St\u00fadi\u00f3 Kft.","article_modified_time":"2016-02-11T20:48:18+00:00","twitter_card":"summary_large_image","schema":{"@context":"https:\/\/schema.org","@graph":[{"@type":"WebPage","@id":"https:\/\/bterv.hu\/?page_id=111","url":"https:\/\/bterv.hu\/?page_id=111","name":"Kivitelez\u00e9s t\u00e1mogat\u00e1s - B Terv St\u00fadi\u00f3 Kft.","isPartOf":{"@id":"https:\/\/bterv.hu\/#website"},"datePublished":"2015-10-28T08:35:35+00:00","dateModified":"2016-02-11T20:48:18+00:00","breadcrumb":{"@id":"https:\/\/bterv.hu\/?page_id=111#breadcrumb"},"inLanguage":"hu","potentialAction":[{"@type":"ReadAction","target":["https:\/\/bterv.hu\/?page_id=111"]}]},{"@type":"BreadcrumbList","@id":"https:\/\/bterv.hu\/?page_id=111#breadcrumb","itemListElement":[{"@type":"ListItem","position":1,"name":"Kezd\u0151lap","item":"https:\/\/bterv.hu\/"},{"@type":"ListItem","position":2,"name":"Referenci\u00e1k","item":"https:\/\/bterv.hu\/?page_id=14"},{"@type":"ListItem","position":3,"name":"Kivitelez\u00e9s t\u00e1mogat\u00e1s"}]},{"@type":"WebSite","@id":"https:\/\/bterv.hu\/#website","url":"https:\/\/bterv.hu\/","name":"B Terv St\u00fadi\u00f3 Kft.","description":"\u00e9p\u00fcletg\u00e9p\u00e9sz tervez\u00e9s","potentialAction":[{"@type":"SearchAction","target":{"@type":"EntryPoint","urlTemplate":"https:\/\/bterv.hu\/?s={search_term_string}"},"query-input":{"@type":"PropertyValueSpecification","valueRequired":true,"valueName":"search_term_string"}}],"inLanguage":"hu"}]}},"_links":{"self":[{"href":"https:\/\/bterv.hu\/index.php?rest_route=\/wp\/v2\/pages\/111","targetHints":{"allow":["GET"]}}],"collection":[{"href":"https:\/\/bterv.hu\/index.php?rest_route=\/wp\/v2\/pages"}],"about":[{"href":"https:\/\/bterv.hu\/index.php?rest_route=\/wp\/v2\/types\/page"}],"author":[{"embeddable":true,"href":"https:\/\/bterv.hu\/index.php?rest_route=\/wp\/v2\/users\/1"}],"replies":[{"embeddable":true,"href":"https:\/\/bterv.hu\/index.php?rest_route=%2Fwp%2Fv2%2Fcomments&post=111"}],"version-history":[{"count":4,"href":"https:\/\/bterv.hu\/index.php?rest_route=\/wp\/v2\/pages\/111\/revisions"}],"predecessor-version":[{"id":172,"href":"https:\/\/bterv.hu\/index.php?rest_route=\/wp\/v2\/pages\/111\/revisions\/172"}],"up":[{"embeddable":true,"href":"https:\/\/bterv.hu\/index.php?rest_route=\/wp\/v2\/pages\/14"}],"wp:attachment":[{"href":"https:\/\/bterv.hu\/index.php?rest_route=%2Fwp%2Fv2%2Fmedia&parent=111"}],"curies":[{"name":"wp","href":"https:\/\/api.w.org\/{rel}","templated":true}]}}