{"id":12,"date":"2015-03-22T14:25:10","date_gmt":"2015-03-22T13:25:10","guid":{"rendered":"http:\/\/bterv.hu\/?page_id=12"},"modified":"2016-02-11T21:37:03","modified_gmt":"2016-02-11T20:37:03","slug":"kivitelezes","status":"publish","type":"page","link":"https:\/\/bterv.hu\/?page_id=12","title":{"rendered":"Kivitelez\u00e9s"},"content":{"rendered":"<h3 class=\"post-title entry-title\">Kivitelez\u00e9s<\/h3>\n<div class=\"post-header\"><\/div>\n<div id=\"post-body-1162670024568254025\" class=\"post-body entry-content\">\n<div>Tev\u00e9kenys\u00e9g\u00fcnk, 2-3 f\u0151s szerel\u0151 csoport m\u00e9rn\u00f6ki ir\u00e1ny\u00edt\u00e1sa.<\/div>\n<div>-Kisebb, csal\u00e1di h\u00e1z m\u00e9ret\u0171 komplett kivitelez\u00e9s.<\/div>\n<div>-V\u00edz, g\u00e1z, f\u0171t\u00e9s, szell\u0151z\u00e9s, h\u0171t\u00e9s, technol\u00f3giai h\u0171t\u00e9s, pr\u00e9sleveg\u0151, p\u00e1ramentes\u00edt\u00e9s, p\u00e1r\u00e1s\u00edt\u00e1s, h\u0151visszanyer\u00e9s, f\u00fcstg\u00e1z-h\u0151visszanyer\u00e9s.\u00a0 Els\u0151sorban a magasabb m\u0171szaki ig\u00e9ny\u0171 munk\u00e1k v\u00e9gz\u00e9se, ahol a mesterembernek is m\u00e1r bizonytalan a tud\u00e1sa, tapasztalata.<\/div>\n<div>-Ezen fel\u00fcl kivitelez\u0151, forgalmaz\u00f3 ismer\u0151s\u00f6knek v\u00e1llunk t\u00f6meg\u00e1ram m\u00e9r\u00e9st, beszab\u00e1lyoz\u00e1st f\u0171t\u00e9si, h\u0171t\u00e9si, \u00e9s l\u00e9gtechnikai rendszerekben.<\/div>\n<\/div>\n","protected":false},"excerpt":{"rendered":"<p>Kivitelez\u00e9s Tev\u00e9kenys\u00e9g\u00fcnk, 2-3 f\u0151s szerel\u0151 csoport m\u00e9rn\u00f6ki ir\u00e1ny\u00edt\u00e1sa. -Kisebb, csal\u00e1di h\u00e1z m\u00e9ret\u0171 komplett kivitelez\u00e9s. -V\u00edz, g\u00e1z, f\u0171t\u00e9s, szell\u0151z\u00e9s, h\u0171t\u00e9s, technol\u00f3giai h\u0171t\u00e9s, pr\u00e9sleveg\u0151, p\u00e1ramentes\u00edt\u00e9s, p\u00e1r\u00e1s\u00edt\u00e1s, h\u0151visszanyer\u00e9s, f\u00fcstg\u00e1z-h\u0151visszanyer\u00e9s.\u00a0 Els\u0151sorban a magasabb m\u0171szaki ig\u00e9ny\u0171 munk\u00e1k v\u00e9gz\u00e9se, ahol a mesterembernek is m\u00e1r bizonytalan a tud\u00e1sa, tapasztalata. -Ezen fel\u00fcl kivitelez\u0151, forgalmaz\u00f3 ismer\u0151s\u00f6knek v\u00e1llunk t\u00f6meg\u00e1ram m\u00e9r\u00e9st, beszab\u00e1lyoz\u00e1st f\u0171t\u00e9si, h\u0171t\u00e9si, \u00e9s l\u00e9gtechnikai &hellip; <a href=\"https:\/\/bterv.hu\/?page_id=12\" class=\"more-link\"><span class=\"screen-reader-text\">Kivitelez\u00e9s<\/span> b\u0151vebben&#8230; <span class=\"meta-nav\">&rarr;<\/span><\/a><\/p>\n","protected":false},"author":1,"featured_media":0,"parent":0,"menu_order":3,"comment_status":"closed","ping_status":"closed","template":"","meta":{"ngg_post_thumbnail":0,"footnotes":""},"class_list":["post-12","page","type-page","status-publish","hentry"],"yoast_head":"<!-- This site is optimized with the Yoast SEO plugin v27.3 - https:\/\/yoast.com\/product\/yoast-seo-wordpress\/ -->\n<title>Kivitelez\u00e9s - B Terv St\u00fadi\u00f3 Kft.<\/title>\n<meta name=\"robots\" content=\"index, follow, max-snippet:-1, max-image-preview:large, max-video-preview:-1\" \/>\n<link rel=\"canonical\" href=\"https:\/\/bterv.hu\/?page_id=12\" \/>\n<meta property=\"og:locale\" content=\"hu_HU\" \/>\n<meta property=\"og:type\" content=\"article\" \/>\n<meta property=\"og:title\" content=\"Kivitelez\u00e9s - B Terv St\u00fadi\u00f3 Kft.\" \/>\n<meta property=\"og:description\" content=\"Kivitelez\u00e9s Tev\u00e9kenys\u00e9g\u00fcnk, 2-3 f\u0151s szerel\u0151 csoport m\u00e9rn\u00f6ki ir\u00e1ny\u00edt\u00e1sa. -Kisebb, csal\u00e1di h\u00e1z m\u00e9ret\u0171 komplett kivitelez\u00e9s. -V\u00edz, g\u00e1z, f\u0171t\u00e9s, szell\u0151z\u00e9s, h\u0171t\u00e9s, technol\u00f3giai h\u0171t\u00e9s, pr\u00e9sleveg\u0151, p\u00e1ramentes\u00edt\u00e9s, p\u00e1r\u00e1s\u00edt\u00e1s, h\u0151visszanyer\u00e9s, f\u00fcstg\u00e1z-h\u0151visszanyer\u00e9s.\u00a0 Els\u0151sorban a magasabb m\u0171szaki ig\u00e9ny\u0171 munk\u00e1k v\u00e9gz\u00e9se, ahol a mesterembernek is m\u00e1r bizonytalan a tud\u00e1sa, tapasztalata. -Ezen fel\u00fcl kivitelez\u0151, forgalmaz\u00f3 ismer\u0151s\u00f6knek v\u00e1llunk t\u00f6meg\u00e1ram m\u00e9r\u00e9st, beszab\u00e1lyoz\u00e1st f\u0171t\u00e9si, h\u0171t\u00e9si, \u00e9s l\u00e9gtechnikai &hellip; Kivitelez\u00e9s b\u0151vebben... &rarr;\" \/>\n<meta property=\"og:url\" content=\"https:\/\/bterv.hu\/?page_id=12\" \/>\n<meta property=\"og:site_name\" content=\"B Terv St\u00fadi\u00f3 Kft.\" \/>\n<meta property=\"article:modified_time\" content=\"2016-02-11T20:37:03+00:00\" \/>\n<meta name=\"twitter:card\" content=\"summary_large_image\" \/>\n<meta name=\"twitter:label1\" content=\"Becs\u00fclt olvas\u00e1si id\u0151\" \/>\n\t<meta name=\"twitter:data1\" content=\"1 perc\" \/>\n<script type=\"application\/ld+json\" class=\"yoast-schema-graph\">{\"@context\":\"https:\\\/\\\/schema.org\",\"@graph\":[{\"@type\":\"WebPage\",\"@id\":\"https:\\\/\\\/bterv.hu\\\/?page_id=12\",\"url\":\"https:\\\/\\\/bterv.hu\\\/?page_id=12\",\"name\":\"Kivitelez\u00e9s - B Terv St\u00fadi\u00f3 Kft.\",\"isPartOf\":{\"@id\":\"https:\\\/\\\/bterv.hu\\\/#website\"},\"datePublished\":\"2015-03-22T13:25:10+00:00\",\"dateModified\":\"2016-02-11T20:37:03+00:00\",\"breadcrumb\":{\"@id\":\"https:\\\/\\\/bterv.hu\\\/?page_id=12#breadcrumb\"},\"inLanguage\":\"hu\",\"potentialAction\":[{\"@type\":\"ReadAction\",\"target\":[\"https:\\\/\\\/bterv.hu\\\/?page_id=12\"]}]},{\"@type\":\"BreadcrumbList\",\"@id\":\"https:\\\/\\\/bterv.hu\\\/?page_id=12#breadcrumb\",\"itemListElement\":[{\"@type\":\"ListItem\",\"position\":1,\"name\":\"Kezd\u0151lap\",\"item\":\"https:\\\/\\\/bterv.hu\\\/\"},{\"@type\":\"ListItem\",\"position\":2,\"name\":\"Kivitelez\u00e9s\"}]},{\"@type\":\"WebSite\",\"@id\":\"https:\\\/\\\/bterv.hu\\\/#website\",\"url\":\"https:\\\/\\\/bterv.hu\\\/\",\"name\":\"B Terv St\u00fadi\u00f3 Kft.\",\"description\":\"\u00e9p\u00fcletg\u00e9p\u00e9sz tervez\u00e9s\",\"potentialAction\":[{\"@type\":\"SearchAction\",\"target\":{\"@type\":\"EntryPoint\",\"urlTemplate\":\"https:\\\/\\\/bterv.hu\\\/?s={search_term_string}\"},\"query-input\":{\"@type\":\"PropertyValueSpecification\",\"valueRequired\":true,\"valueName\":\"search_term_string\"}}],\"inLanguage\":\"hu\"}]}<\/script>\n<!-- \/ Yoast SEO plugin. -->","yoast_head_json":{"title":"Kivitelez\u00e9s - B Terv St\u00fadi\u00f3 Kft.","robots":{"index":"index","follow":"follow","max-snippet":"max-snippet:-1","max-image-preview":"max-image-preview:large","max-video-preview":"max-video-preview:-1"},"canonical":"https:\/\/bterv.hu\/?page_id=12","og_locale":"hu_HU","og_type":"article","og_title":"Kivitelez\u00e9s - B Terv St\u00fadi\u00f3 Kft.","og_description":"Kivitelez\u00e9s Tev\u00e9kenys\u00e9g\u00fcnk, 2-3 f\u0151s szerel\u0151 csoport m\u00e9rn\u00f6ki ir\u00e1ny\u00edt\u00e1sa. -Kisebb, csal\u00e1di h\u00e1z m\u00e9ret\u0171 komplett kivitelez\u00e9s. -V\u00edz, g\u00e1z, f\u0171t\u00e9s, szell\u0151z\u00e9s, h\u0171t\u00e9s, technol\u00f3giai h\u0171t\u00e9s, pr\u00e9sleveg\u0151, p\u00e1ramentes\u00edt\u00e9s, p\u00e1r\u00e1s\u00edt\u00e1s, h\u0151visszanyer\u00e9s, f\u00fcstg\u00e1z-h\u0151visszanyer\u00e9s.\u00a0 Els\u0151sorban a magasabb m\u0171szaki ig\u00e9ny\u0171 munk\u00e1k v\u00e9gz\u00e9se, ahol a mesterembernek is m\u00e1r bizonytalan a tud\u00e1sa, tapasztalata. -Ezen fel\u00fcl kivitelez\u0151, forgalmaz\u00f3 ismer\u0151s\u00f6knek v\u00e1llunk t\u00f6meg\u00e1ram m\u00e9r\u00e9st, beszab\u00e1lyoz\u00e1st f\u0171t\u00e9si, h\u0171t\u00e9si, \u00e9s l\u00e9gtechnikai &hellip; Kivitelez\u00e9s b\u0151vebben... &rarr;","og_url":"https:\/\/bterv.hu\/?page_id=12","og_site_name":"B Terv St\u00fadi\u00f3 Kft.","article_modified_time":"2016-02-11T20:37:03+00:00","twitter_card":"summary_large_image","twitter_misc":{"Becs\u00fclt olvas\u00e1si id\u0151":"1 perc"},"schema":{"@context":"https:\/\/schema.org","@graph":[{"@type":"WebPage","@id":"https:\/\/bterv.hu\/?page_id=12","url":"https:\/\/bterv.hu\/?page_id=12","name":"Kivitelez\u00e9s - B Terv St\u00fadi\u00f3 Kft.","isPartOf":{"@id":"https:\/\/bterv.hu\/#website"},"datePublished":"2015-03-22T13:25:10+00:00","dateModified":"2016-02-11T20:37:03+00:00","breadcrumb":{"@id":"https:\/\/bterv.hu\/?page_id=12#breadcrumb"},"inLanguage":"hu","potentialAction":[{"@type":"ReadAction","target":["https:\/\/bterv.hu\/?page_id=12"]}]},{"@type":"BreadcrumbList","@id":"https:\/\/bterv.hu\/?page_id=12#breadcrumb","itemListElement":[{"@type":"ListItem","position":1,"name":"Kezd\u0151lap","item":"https:\/\/bterv.hu\/"},{"@type":"ListItem","position":2,"name":"Kivitelez\u00e9s"}]},{"@type":"WebSite","@id":"https:\/\/bterv.hu\/#website","url":"https:\/\/bterv.hu\/","name":"B Terv St\u00fadi\u00f3 Kft.","description":"\u00e9p\u00fcletg\u00e9p\u00e9sz tervez\u00e9s","potentialAction":[{"@type":"SearchAction","target":{"@type":"EntryPoint","urlTemplate":"https:\/\/bterv.hu\/?s={search_term_string}"},"query-input":{"@type":"PropertyValueSpecification","valueRequired":true,"valueName":"search_term_string"}}],"inLanguage":"hu"}]}},"_links":{"self":[{"href":"https:\/\/bterv.hu\/index.php?rest_route=\/wp\/v2\/pages\/12","targetHints":{"allow":["GET"]}}],"collection":[{"href":"https:\/\/bterv.hu\/index.php?rest_route=\/wp\/v2\/pages"}],"about":[{"href":"https:\/\/bterv.hu\/index.php?rest_route=\/wp\/v2\/types\/page"}],"author":[{"embeddable":true,"href":"https:\/\/bterv.hu\/index.php?rest_route=\/wp\/v2\/users\/1"}],"replies":[{"embeddable":true,"href":"https:\/\/bterv.hu\/index.php?rest_route=%2Fwp%2Fv2%2Fcomments&post=12"}],"version-history":[{"count":6,"href":"https:\/\/bterv.hu\/index.php?rest_route=\/wp\/v2\/pages\/12\/revisions"}],"predecessor-version":[{"id":169,"href":"https:\/\/bterv.hu\/index.php?rest_route=\/wp\/v2\/pages\/12\/revisions\/169"}],"wp:attachment":[{"href":"https:\/\/bterv.hu\/index.php?rest_route=%2Fwp%2Fv2%2Fmedia&parent=12"}],"curies":[{"name":"wp","href":"https:\/\/api.w.org\/{rel}","templated":true}]}}