{"id":123,"date":"2015-10-28T18:37:45","date_gmt":"2015-10-28T17:37:45","guid":{"rendered":"http:\/\/bterv.hu\/?page_id=123"},"modified":"2022-08-25T08:26:40","modified_gmt":"2022-08-25T07:26:40","slug":"partnereink-kapcsolataink","status":"publish","type":"page","link":"https:\/\/bterv.hu\/?page_id=123","title":{"rendered":"Akikben megb\u00edzunk, akik benn\u00fcnk megb\u00edznak"},"content":{"rendered":"<p>Keresked\u0151, kivitelez\u0151 c\u00e9gek:<\/p>\n<p><span class=\"st\">AGIS Fire&amp;Security Kft.<br \/>\n<\/span>Expand Air Kft.<br \/>\nGreentech Energy Kft<br \/>\nHoneywell Kft.<br \/>\nNederman Magyarorsz\u00e1g kft.<br \/>\nCAIROX Hungary Kft (SIG Air Handling Hungary Kft (Air Trade Centre Kft.))<br \/>\nSolaronics Central Europe Kft<br \/>\nSzatm\u00e1ri \u00c9p\u00fcletg\u00e9p\u00e9szeti \u00e9s F\u00fcrd\u0151szoba Szak\u00fczlet V\u00e1ci \u00fat<br \/>\nViessmann F\u0171t\u00e9stechnika Kft.<\/p>\n<p>Dunakeszi V\u00e1ros Polg\u00e1rmesteri Hivatala<br \/>\nV\u00e1rosgazda XVIII. Ker\u00fclet Nonprofit Zrt.<br \/>\nV\u00e9rtessz\u0151l\u0151s Polg\u00e1rmesteri Hivatal<\/p>\n<p>Megb\u00edz\u00f3 \u00e9p\u00edt\u00e9sz koll\u00e9g\u00e1k:<\/p>\n<p>Banitz L\u00e1szl\u00f3<br \/>\nBuz\u00e1si Lajos<br \/>\nFazakas B\u00e1lint<br \/>\nFilepk\u00f3 L\u00e1szl\u00f3<br \/>\nHermann J\u00e1nos<br \/>\nKapu L\u00e1szl\u00f3<br \/>\nKiss Judit<br \/>\nKov\u00e1cs Cipri\u00e1n<br \/>\nKov\u00e1cs G\u00e1bor<br \/>\nKoska \u00c1rp\u00e1d<br \/>\nK\u00f3si Zolt\u00e1n<br \/>\nK\u00fcrt\u00f6si P\u00e9ter<br \/>\nGyenes K\u00e1lm\u00e1n<br \/>\nLasetzky Frigyes<br \/>\nPetro Helga<br \/>\nP\u00e1ricsi Zolt\u00e1n<br \/>\nSajtos G\u00e1bor<br \/>\nSajtos-Grand Gabriella<br \/>\nSch\u00f6mer D\u00e1vid<br \/>\nDr. Szab\u00f3 L\u00e1szl\u00f3<br \/>\nV\u00e1rhidy Andr\u00e1s<br \/>\nWiesner Gy\u00f6rgy<br \/>\nWittinger Gy\u0151z\u0151<\/p>\n","protected":false},"excerpt":{"rendered":"<p>Keresked\u0151, kivitelez\u0151 c\u00e9gek: AGIS Fire&amp;Security Kft. Expand Air Kft. Greentech Energy Kft Honeywell Kft. Nederman Magyarorsz\u00e1g kft. CAIROX Hungary Kft (SIG Air Handling Hungary Kft (Air Trade Centre Kft.)) Solaronics Central Europe Kft Szatm\u00e1ri \u00c9p\u00fcletg\u00e9p\u00e9szeti \u00e9s F\u00fcrd\u0151szoba Szak\u00fczlet V\u00e1ci \u00fat Viessmann F\u0171t\u00e9stechnika Kft. Dunakeszi V\u00e1ros Polg\u00e1rmesteri Hivatala V\u00e1rosgazda XVIII. Ker\u00fclet Nonprofit Zrt. V\u00e9rtessz\u0151l\u0151s Polg\u00e1rmesteri Hivatal &hellip; <a href=\"https:\/\/bterv.hu\/?page_id=123\" class=\"more-link\"><span class=\"screen-reader-text\">Akikben megb\u00edzunk, akik benn\u00fcnk megb\u00edznak<\/span> b\u0151vebben&#8230; <span class=\"meta-nav\">&rarr;<\/span><\/a><\/p>\n","protected":false},"author":1,"featured_media":0,"parent":0,"menu_order":7,"comment_status":"closed","ping_status":"closed","template":"","meta":{"ngg_post_thumbnail":0,"footnotes":""},"class_list":["post-123","page","type-page","status-publish","hentry"],"yoast_head":"<!-- This site is optimized with the Yoast SEO plugin v27.3 - https:\/\/yoast.com\/product\/yoast-seo-wordpress\/ -->\n<title>Akikben megb\u00edzunk, akik benn\u00fcnk megb\u00edznak - B Terv St\u00fadi\u00f3 Kft.<\/title>\n<meta name=\"robots\" content=\"index, follow, max-snippet:-1, max-image-preview:large, max-video-preview:-1\" \/>\n<link rel=\"canonical\" href=\"https:\/\/bterv.hu\/?page_id=123\" \/>\n<meta property=\"og:locale\" content=\"hu_HU\" \/>\n<meta property=\"og:type\" content=\"article\" \/>\n<meta property=\"og:title\" content=\"Akikben megb\u00edzunk, akik benn\u00fcnk megb\u00edznak - B Terv St\u00fadi\u00f3 Kft.\" \/>\n<meta property=\"og:description\" content=\"Keresked\u0151, kivitelez\u0151 c\u00e9gek: AGIS Fire&amp;Security Kft. Expand Air Kft. Greentech Energy Kft Honeywell Kft. Nederman Magyarorsz\u00e1g kft. CAIROX Hungary Kft (SIG Air Handling Hungary Kft (Air Trade Centre Kft.)) Solaronics Central Europe Kft Szatm\u00e1ri \u00c9p\u00fcletg\u00e9p\u00e9szeti \u00e9s F\u00fcrd\u0151szoba Szak\u00fczlet V\u00e1ci \u00fat Viessmann F\u0171t\u00e9stechnika Kft. Dunakeszi V\u00e1ros Polg\u00e1rmesteri Hivatala V\u00e1rosgazda XVIII. Ker\u00fclet Nonprofit Zrt. V\u00e9rtessz\u0151l\u0151s Polg\u00e1rmesteri Hivatal &hellip; Akikben megb\u00edzunk, akik benn\u00fcnk megb\u00edznak b\u0151vebben... &rarr;\" \/>\n<meta property=\"og:url\" content=\"https:\/\/bterv.hu\/?page_id=123\" \/>\n<meta property=\"og:site_name\" content=\"B Terv St\u00fadi\u00f3 Kft.\" \/>\n<meta property=\"article:modified_time\" content=\"2022-08-25T07:26:40+00:00\" \/>\n<meta name=\"twitter:card\" content=\"summary_large_image\" \/>\n<meta name=\"twitter:label1\" content=\"Becs\u00fclt olvas\u00e1si id\u0151\" \/>\n\t<meta name=\"twitter:data1\" content=\"1 perc\" \/>\n<script type=\"application\/ld+json\" class=\"yoast-schema-graph\">{\"@context\":\"https:\\\/\\\/schema.org\",\"@graph\":[{\"@type\":\"WebPage\",\"@id\":\"https:\\\/\\\/bterv.hu\\\/?page_id=123\",\"url\":\"https:\\\/\\\/bterv.hu\\\/?page_id=123\",\"name\":\"Akikben megb\u00edzunk, akik benn\u00fcnk megb\u00edznak - B Terv St\u00fadi\u00f3 Kft.\",\"isPartOf\":{\"@id\":\"https:\\\/\\\/bterv.hu\\\/#website\"},\"datePublished\":\"2015-10-28T17:37:45+00:00\",\"dateModified\":\"2022-08-25T07:26:40+00:00\",\"breadcrumb\":{\"@id\":\"https:\\\/\\\/bterv.hu\\\/?page_id=123#breadcrumb\"},\"inLanguage\":\"hu\",\"potentialAction\":[{\"@type\":\"ReadAction\",\"target\":[\"https:\\\/\\\/bterv.hu\\\/?page_id=123\"]}]},{\"@type\":\"BreadcrumbList\",\"@id\":\"https:\\\/\\\/bterv.hu\\\/?page_id=123#breadcrumb\",\"itemListElement\":[{\"@type\":\"ListItem\",\"position\":1,\"name\":\"Kezd\u0151lap\",\"item\":\"https:\\\/\\\/bterv.hu\\\/\"},{\"@type\":\"ListItem\",\"position\":2,\"name\":\"Akikben megb\u00edzunk, akik benn\u00fcnk megb\u00edznak\"}]},{\"@type\":\"WebSite\",\"@id\":\"https:\\\/\\\/bterv.hu\\\/#website\",\"url\":\"https:\\\/\\\/bterv.hu\\\/\",\"name\":\"B Terv St\u00fadi\u00f3 Kft.\",\"description\":\"\u00e9p\u00fcletg\u00e9p\u00e9sz tervez\u00e9s\",\"potentialAction\":[{\"@type\":\"SearchAction\",\"target\":{\"@type\":\"EntryPoint\",\"urlTemplate\":\"https:\\\/\\\/bterv.hu\\\/?s={search_term_string}\"},\"query-input\":{\"@type\":\"PropertyValueSpecification\",\"valueRequired\":true,\"valueName\":\"search_term_string\"}}],\"inLanguage\":\"hu\"}]}<\/script>\n<!-- \/ Yoast SEO plugin. -->","yoast_head_json":{"title":"Akikben megb\u00edzunk, akik benn\u00fcnk megb\u00edznak - B Terv St\u00fadi\u00f3 Kft.","robots":{"index":"index","follow":"follow","max-snippet":"max-snippet:-1","max-image-preview":"max-image-preview:large","max-video-preview":"max-video-preview:-1"},"canonical":"https:\/\/bterv.hu\/?page_id=123","og_locale":"hu_HU","og_type":"article","og_title":"Akikben megb\u00edzunk, akik benn\u00fcnk megb\u00edznak - B Terv St\u00fadi\u00f3 Kft.","og_description":"Keresked\u0151, kivitelez\u0151 c\u00e9gek: AGIS Fire&amp;Security Kft. Expand Air Kft. Greentech Energy Kft Honeywell Kft. Nederman Magyarorsz\u00e1g kft. CAIROX Hungary Kft (SIG Air Handling Hungary Kft (Air Trade Centre Kft.)) Solaronics Central Europe Kft Szatm\u00e1ri \u00c9p\u00fcletg\u00e9p\u00e9szeti \u00e9s F\u00fcrd\u0151szoba Szak\u00fczlet V\u00e1ci \u00fat Viessmann F\u0171t\u00e9stechnika Kft. Dunakeszi V\u00e1ros Polg\u00e1rmesteri Hivatala V\u00e1rosgazda XVIII. Ker\u00fclet Nonprofit Zrt. V\u00e9rtessz\u0151l\u0151s Polg\u00e1rmesteri Hivatal &hellip; Akikben megb\u00edzunk, akik benn\u00fcnk megb\u00edznak b\u0151vebben... &rarr;","og_url":"https:\/\/bterv.hu\/?page_id=123","og_site_name":"B Terv St\u00fadi\u00f3 Kft.","article_modified_time":"2022-08-25T07:26:40+00:00","twitter_card":"summary_large_image","twitter_misc":{"Becs\u00fclt olvas\u00e1si id\u0151":"1 perc"},"schema":{"@context":"https:\/\/schema.org","@graph":[{"@type":"WebPage","@id":"https:\/\/bterv.hu\/?page_id=123","url":"https:\/\/bterv.hu\/?page_id=123","name":"Akikben megb\u00edzunk, akik benn\u00fcnk megb\u00edznak - B Terv St\u00fadi\u00f3 Kft.","isPartOf":{"@id":"https:\/\/bterv.hu\/#website"},"datePublished":"2015-10-28T17:37:45+00:00","dateModified":"2022-08-25T07:26:40+00:00","breadcrumb":{"@id":"https:\/\/bterv.hu\/?page_id=123#breadcrumb"},"inLanguage":"hu","potentialAction":[{"@type":"ReadAction","target":["https:\/\/bterv.hu\/?page_id=123"]}]},{"@type":"BreadcrumbList","@id":"https:\/\/bterv.hu\/?page_id=123#breadcrumb","itemListElement":[{"@type":"ListItem","position":1,"name":"Kezd\u0151lap","item":"https:\/\/bterv.hu\/"},{"@type":"ListItem","position":2,"name":"Akikben megb\u00edzunk, akik benn\u00fcnk megb\u00edznak"}]},{"@type":"WebSite","@id":"https:\/\/bterv.hu\/#website","url":"https:\/\/bterv.hu\/","name":"B Terv St\u00fadi\u00f3 Kft.","description":"\u00e9p\u00fcletg\u00e9p\u00e9sz tervez\u00e9s","potentialAction":[{"@type":"SearchAction","target":{"@type":"EntryPoint","urlTemplate":"https:\/\/bterv.hu\/?s={search_term_string}"},"query-input":{"@type":"PropertyValueSpecification","valueRequired":true,"valueName":"search_term_string"}}],"inLanguage":"hu"}]}},"_links":{"self":[{"href":"https:\/\/bterv.hu\/index.php?rest_route=\/wp\/v2\/pages\/123","targetHints":{"allow":["GET"]}}],"collection":[{"href":"https:\/\/bterv.hu\/index.php?rest_route=\/wp\/v2\/pages"}],"about":[{"href":"https:\/\/bterv.hu\/index.php?rest_route=\/wp\/v2\/types\/page"}],"author":[{"embeddable":true,"href":"https:\/\/bterv.hu\/index.php?rest_route=\/wp\/v2\/users\/1"}],"replies":[{"embeddable":true,"href":"https:\/\/bterv.hu\/index.php?rest_route=%2Fwp%2Fv2%2Fcomments&post=123"}],"version-history":[{"count":14,"href":"https:\/\/bterv.hu\/index.php?rest_route=\/wp\/v2\/pages\/123\/revisions"}],"predecessor-version":[{"id":221,"href":"https:\/\/bterv.hu\/index.php?rest_route=\/wp\/v2\/pages\/123\/revisions\/221"}],"wp:attachment":[{"href":"https:\/\/bterv.hu\/index.php?rest_route=%2Fwp%2Fv2%2Fmedia&parent=123"}],"curies":[{"name":"wp","href":"https:\/\/api.w.org\/{rel}","templated":true}]}}