{"id":2,"date":"2015-03-20T23:18:31","date_gmt":"2015-03-20T22:18:31","guid":{"rendered":"http:\/\/bterv.hu\/?page_id=2"},"modified":"2021-12-29T16:14:56","modified_gmt":"2021-12-29T15:14:56","slug":"ez-egy-minta-oldal","status":"publish","type":"page","link":"https:\/\/bterv.hu\/","title":{"rendered":"F\u0151oldal"},"content":{"rendered":"<p><a href=\"https:\/\/bterv.hu\/wp-content\/uploads\/2015\/03\/pikto34.jpg\"><img loading=\"lazy\" decoding=\"async\" class=\"alignright wp-image-16\" src=\"https:\/\/bterv.hu\/wp-content\/uploads\/2015\/03\/pikto34.jpg\" alt=\"pikto34\" width=\"127\" height=\"259\"><\/a>\u00dcdv\u00f6z\u00f6lj\u00fck!<\/p>\n<p>G\u00e9p\u00e9sz m\u0171szaki szakemberekk\u00e9nt felm\u00e9rj\u00fck az \u00d6n ig\u00e9nyeit, \u00e9s \u00d6nnel egyeztetve a legmegfelel\u0151bb illetve, elfogadhat\u00f3 megold\u00e1st ny\u00fajtjuk. A dolgoknak, d\u00f6nt\u00e9seknek megvan a k\u00f6vetkezm\u00e9nye. Mi ezt el\u0151re ismertetj\u00fck, az \u00d6n \u00e1ltal megv\u00e1lasztott pontoss\u00e1ggal, pontatlans\u00e1ggal. A pontatlans\u00e1g a r\u00e1ford\u00edtott id\u0151nkkel cs\u00f6kken.<\/p>\n<p>A szak\u00e9rtelm\u00fcnket \u00e9s id\u0151nket adjuk \u00d6nnek. N\u00e1lunk nincs t\u00fal kis, t\u00fal nagy feladat.<\/p>\n<p style=\"text-align: left;\">Mad\u00e1ch ut\u00e1n szabadon:<\/p>\n<p style=\"text-align: center;\">Mert nincs befejezve a nagy m\u0171, nem.<br \/>\nA g\u00e9p forog, de az alkot\u00f3, vezet\u0151 nem pihenhet.<br \/>\nHisz \u00e9v-milli\u00f3kig elj\u00e1rhat tengely\u00e9n,<br \/>\nde hogy mennyire hat\u00e9konyan,<br \/>\nazt mi seg\u00edt\u00fcnk be\u00e1ll\u00edtani.<\/p>\n","protected":false},"excerpt":{"rendered":"<p>\u00dcdv\u00f6z\u00f6lj\u00fck! G\u00e9p\u00e9sz m\u0171szaki szakemberekk\u00e9nt felm\u00e9rj\u00fck az \u00d6n ig\u00e9nyeit, \u00e9s \u00d6nnel egyeztetve a legmegfelel\u0151bb illetve, elfogadhat\u00f3 megold\u00e1st ny\u00fajtjuk. A dolgoknak, d\u00f6nt\u00e9seknek megvan a k\u00f6vetkezm\u00e9nye. Mi ezt el\u0151re ismertetj\u00fck, az \u00d6n \u00e1ltal megv\u00e1lasztott pontoss\u00e1ggal, pontatlans\u00e1ggal. A pontatlans\u00e1g a r\u00e1ford\u00edtott id\u0151nkkel cs\u00f6kken. A szak\u00e9rtelm\u00fcnket \u00e9s id\u0151nket adjuk \u00d6nnek. N\u00e1lunk nincs t\u00fal kis, t\u00fal nagy feladat. Mad\u00e1ch ut\u00e1n szabadon: &hellip; <a href=\"https:\/\/bterv.hu\/\" class=\"more-link\"><span class=\"screen-reader-text\">F\u0151oldal<\/span> b\u0151vebben&#8230; <span class=\"meta-nav\">&rarr;<\/span><\/a><\/p>\n","protected":false},"author":1,"featured_media":0,"parent":0,"menu_order":0,"comment_status":"closed","ping_status":"closed","template":"","meta":{"ngg_post_thumbnail":0,"footnotes":""},"class_list":["post-2","page","type-page","status-publish","hentry"],"yoast_head":"<!-- This site is optimized with the Yoast SEO plugin v27.3 - https:\/\/yoast.com\/product\/yoast-seo-wordpress\/ -->\n<title>F\u0151oldal - B Terv St\u00fadi\u00f3 Kft.<\/title>\n<meta name=\"robots\" content=\"index, follow, max-snippet:-1, max-image-preview:large, max-video-preview:-1\" \/>\n<link rel=\"canonical\" href=\"https:\/\/bterv.hu\/\" \/>\n<meta property=\"og:locale\" content=\"hu_HU\" \/>\n<meta property=\"og:type\" content=\"article\" \/>\n<meta property=\"og:title\" content=\"F\u0151oldal - B Terv St\u00fadi\u00f3 Kft.\" \/>\n<meta property=\"og:description\" content=\"\u00dcdv\u00f6z\u00f6lj\u00fck! G\u00e9p\u00e9sz m\u0171szaki szakemberekk\u00e9nt felm\u00e9rj\u00fck az \u00d6n ig\u00e9nyeit, \u00e9s \u00d6nnel egyeztetve a legmegfelel\u0151bb illetve, elfogadhat\u00f3 megold\u00e1st ny\u00fajtjuk. A dolgoknak, d\u00f6nt\u00e9seknek megvan a k\u00f6vetkezm\u00e9nye. Mi ezt el\u0151re ismertetj\u00fck, az \u00d6n \u00e1ltal megv\u00e1lasztott pontoss\u00e1ggal, pontatlans\u00e1ggal. A pontatlans\u00e1g a r\u00e1ford\u00edtott id\u0151nkkel cs\u00f6kken. A szak\u00e9rtelm\u00fcnket \u00e9s id\u0151nket adjuk \u00d6nnek. N\u00e1lunk nincs t\u00fal kis, t\u00fal nagy feladat. Mad\u00e1ch ut\u00e1n szabadon: &hellip; F\u0151oldal b\u0151vebben... &rarr;\" \/>\n<meta property=\"og:url\" content=\"https:\/\/bterv.hu\/\" \/>\n<meta property=\"og:site_name\" content=\"B Terv St\u00fadi\u00f3 Kft.\" \/>\n<meta property=\"article:modified_time\" content=\"2021-12-29T15:14:56+00:00\" \/>\n<meta property=\"og:image\" content=\"https:\/\/bterv.hu\/wp-content\/uploads\/2015\/03\/pikto34.jpg\" \/>\n<meta name=\"twitter:card\" content=\"summary_large_image\" \/>\n<meta name=\"twitter:label1\" content=\"Becs\u00fclt olvas\u00e1si id\u0151\" \/>\n\t<meta name=\"twitter:data1\" content=\"1 perc\" \/>\n<script type=\"application\/ld+json\" class=\"yoast-schema-graph\">{\"@context\":\"https:\\\/\\\/schema.org\",\"@graph\":[{\"@type\":\"WebPage\",\"@id\":\"https:\\\/\\\/bterv.hu\\\/\",\"url\":\"https:\\\/\\\/bterv.hu\\\/\",\"name\":\"F\u0151oldal - B Terv St\u00fadi\u00f3 Kft.\",\"isPartOf\":{\"@id\":\"https:\\\/\\\/bterv.hu\\\/#website\"},\"primaryImageOfPage\":{\"@id\":\"https:\\\/\\\/bterv.hu\\\/#primaryimage\"},\"image\":{\"@id\":\"https:\\\/\\\/bterv.hu\\\/#primaryimage\"},\"thumbnailUrl\":\"https:\\\/\\\/bterv.hu\\\/wp-content\\\/uploads\\\/2015\\\/03\\\/pikto34.jpg\",\"datePublished\":\"2015-03-20T22:18:31+00:00\",\"dateModified\":\"2021-12-29T15:14:56+00:00\",\"breadcrumb\":{\"@id\":\"https:\\\/\\\/bterv.hu\\\/#breadcrumb\"},\"inLanguage\":\"hu\",\"potentialAction\":[{\"@type\":\"ReadAction\",\"target\":[\"https:\\\/\\\/bterv.hu\\\/\"]}]},{\"@type\":\"ImageObject\",\"inLanguage\":\"hu\",\"@id\":\"https:\\\/\\\/bterv.hu\\\/#primaryimage\",\"url\":\"https:\\\/\\\/bterv.hu\\\/wp-content\\\/uploads\\\/2015\\\/03\\\/pikto34.jpg\",\"contentUrl\":\"https:\\\/\\\/bterv.hu\\\/wp-content\\\/uploads\\\/2015\\\/03\\\/pikto34.jpg\",\"width\":93,\"height\":190},{\"@type\":\"BreadcrumbList\",\"@id\":\"https:\\\/\\\/bterv.hu\\\/#breadcrumb\",\"itemListElement\":[{\"@type\":\"ListItem\",\"position\":1,\"name\":\"Kezd\u0151lap\",\"item\":\"https:\\\/\\\/bterv.hu\\\/\"},{\"@type\":\"ListItem\",\"position\":2,\"name\":\"F\u0151oldal\"}]},{\"@type\":\"WebSite\",\"@id\":\"https:\\\/\\\/bterv.hu\\\/#website\",\"url\":\"https:\\\/\\\/bterv.hu\\\/\",\"name\":\"B Terv St\u00fadi\u00f3 Kft.\",\"description\":\"\u00e9p\u00fcletg\u00e9p\u00e9sz tervez\u00e9s\",\"potentialAction\":[{\"@type\":\"SearchAction\",\"target\":{\"@type\":\"EntryPoint\",\"urlTemplate\":\"https:\\\/\\\/bterv.hu\\\/?s={search_term_string}\"},\"query-input\":{\"@type\":\"PropertyValueSpecification\",\"valueRequired\":true,\"valueName\":\"search_term_string\"}}],\"inLanguage\":\"hu\"}]}<\/script>\n<!-- \/ Yoast SEO plugin. -->","yoast_head_json":{"title":"F\u0151oldal - B Terv St\u00fadi\u00f3 Kft.","robots":{"index":"index","follow":"follow","max-snippet":"max-snippet:-1","max-image-preview":"max-image-preview:large","max-video-preview":"max-video-preview:-1"},"canonical":"https:\/\/bterv.hu\/","og_locale":"hu_HU","og_type":"article","og_title":"F\u0151oldal - B Terv St\u00fadi\u00f3 Kft.","og_description":"\u00dcdv\u00f6z\u00f6lj\u00fck! G\u00e9p\u00e9sz m\u0171szaki szakemberekk\u00e9nt felm\u00e9rj\u00fck az \u00d6n ig\u00e9nyeit, \u00e9s \u00d6nnel egyeztetve a legmegfelel\u0151bb illetve, elfogadhat\u00f3 megold\u00e1st ny\u00fajtjuk. A dolgoknak, d\u00f6nt\u00e9seknek megvan a k\u00f6vetkezm\u00e9nye. Mi ezt el\u0151re ismertetj\u00fck, az \u00d6n \u00e1ltal megv\u00e1lasztott pontoss\u00e1ggal, pontatlans\u00e1ggal. A pontatlans\u00e1g a r\u00e1ford\u00edtott id\u0151nkkel cs\u00f6kken. A szak\u00e9rtelm\u00fcnket \u00e9s id\u0151nket adjuk \u00d6nnek. N\u00e1lunk nincs t\u00fal kis, t\u00fal nagy feladat. Mad\u00e1ch ut\u00e1n szabadon: &hellip; F\u0151oldal b\u0151vebben... &rarr;","og_url":"https:\/\/bterv.hu\/","og_site_name":"B Terv St\u00fadi\u00f3 Kft.","article_modified_time":"2021-12-29T15:14:56+00:00","og_image":[{"url":"https:\/\/bterv.hu\/wp-content\/uploads\/2015\/03\/pikto34.jpg","type":"","width":"","height":""}],"twitter_card":"summary_large_image","twitter_misc":{"Becs\u00fclt olvas\u00e1si id\u0151":"1 perc"},"schema":{"@context":"https:\/\/schema.org","@graph":[{"@type":"WebPage","@id":"https:\/\/bterv.hu\/","url":"https:\/\/bterv.hu\/","name":"F\u0151oldal - B Terv St\u00fadi\u00f3 Kft.","isPartOf":{"@id":"https:\/\/bterv.hu\/#website"},"primaryImageOfPage":{"@id":"https:\/\/bterv.hu\/#primaryimage"},"image":{"@id":"https:\/\/bterv.hu\/#primaryimage"},"thumbnailUrl":"https:\/\/bterv.hu\/wp-content\/uploads\/2015\/03\/pikto34.jpg","datePublished":"2015-03-20T22:18:31+00:00","dateModified":"2021-12-29T15:14:56+00:00","breadcrumb":{"@id":"https:\/\/bterv.hu\/#breadcrumb"},"inLanguage":"hu","potentialAction":[{"@type":"ReadAction","target":["https:\/\/bterv.hu\/"]}]},{"@type":"ImageObject","inLanguage":"hu","@id":"https:\/\/bterv.hu\/#primaryimage","url":"https:\/\/bterv.hu\/wp-content\/uploads\/2015\/03\/pikto34.jpg","contentUrl":"https:\/\/bterv.hu\/wp-content\/uploads\/2015\/03\/pikto34.jpg","width":93,"height":190},{"@type":"BreadcrumbList","@id":"https:\/\/bterv.hu\/#breadcrumb","itemListElement":[{"@type":"ListItem","position":1,"name":"Kezd\u0151lap","item":"https:\/\/bterv.hu\/"},{"@type":"ListItem","position":2,"name":"F\u0151oldal"}]},{"@type":"WebSite","@id":"https:\/\/bterv.hu\/#website","url":"https:\/\/bterv.hu\/","name":"B Terv St\u00fadi\u00f3 Kft.","description":"\u00e9p\u00fcletg\u00e9p\u00e9sz tervez\u00e9s","potentialAction":[{"@type":"SearchAction","target":{"@type":"EntryPoint","urlTemplate":"https:\/\/bterv.hu\/?s={search_term_string}"},"query-input":{"@type":"PropertyValueSpecification","valueRequired":true,"valueName":"search_term_string"}}],"inLanguage":"hu"}]}},"_links":{"self":[{"href":"https:\/\/bterv.hu\/index.php?rest_route=\/wp\/v2\/pages\/2","targetHints":{"allow":["GET"]}}],"collection":[{"href":"https:\/\/bterv.hu\/index.php?rest_route=\/wp\/v2\/pages"}],"about":[{"href":"https:\/\/bterv.hu\/index.php?rest_route=\/wp\/v2\/types\/page"}],"author":[{"embeddable":true,"href":"https:\/\/bterv.hu\/index.php?rest_route=\/wp\/v2\/users\/1"}],"replies":[{"embeddable":true,"href":"https:\/\/bterv.hu\/index.php?rest_route=%2Fwp%2Fv2%2Fcomments&post=2"}],"version-history":[{"count":12,"href":"https:\/\/bterv.hu\/index.php?rest_route=\/wp\/v2\/pages\/2\/revisions"}],"predecessor-version":[{"id":213,"href":"https:\/\/bterv.hu\/index.php?rest_route=\/wp\/v2\/pages\/2\/revisions\/213"}],"wp:attachment":[{"href":"https:\/\/bterv.hu\/index.php?rest_route=%2Fwp%2Fv2%2Fmedia&parent=2"}],"curies":[{"name":"wp","href":"https:\/\/api.w.org\/{rel}","templated":true}]}}