{"id":60,"date":"2015-10-28T00:02:51","date_gmt":"2015-10-27T23:02:51","guid":{"rendered":"http:\/\/bterv.hu\/?page_id=60"},"modified":"2026-03-26T10:24:02","modified_gmt":"2026-03-26T09:24:02","slug":"fooldal","status":"publish","type":"page","link":"https:\/\/bterv.hu\/?page_id=60","title":{"rendered":"R\u00f3lunk, el\u00e9rhet\u0151s\u00e9g\u00fcnk"},"content":{"rendered":"<h3 class=\"post-title entry-title\">R\u00f3lunk<\/h3>\n<div class=\"post-header\">&nbsp;<\/div>\n<div id=\"post-body-1787890838478965488\" class=\"post-body entry-content\">C\u00e9g\u00fcnk tagjai 1998 \u00f3ta foglalkoznak \u00e9p\u00fcletg\u00e9p\u00e9szettel.<br \/>\nP\u00e1ly\u00e1nkat a rendszerv\u00e1lt\u00e1s ut\u00e1n fokozatosan megsz\u0171n\u0151 nagy tervez\u0151 c\u00e9gekn\u00e9l kezdt\u00fck pl. \u00c9viterv, H\u0171t\u0151g\u00e9pgy\u00e1r stb.A szakmai int\u00e9zm\u00e9nyekben oktatott elm\u00e9leti alapok megszerz\u00e9se, \u00e9s a t\u00f6bb \u00e9ves gyakorlati munka alatt fogalmaz\u00f3dott meg az ig\u00e9ny\u00fcnk arra, hogy saj\u00e1t c\u00e9get alap\u00edtsunk.<br \/>\nEgyre t\u00f6bb mag\u00e1n munk\u00e1t v\u00e1llalva \u00e1llt \u00f6ssze a ma is akt\u00edv tervez\u0151 g\u00e1rda. 2003 \u00f3ta m\u0171k\u00f6d\u00fcnk c\u00e9gszer\u0171en, k\u00e9t \u00e1lland\u00f3 \u00e9s k\u00e9t alkalmi munkat\u00e1rssal.Munk\u00e1ink tervez\u00e9se \u00e9s kivitelez\u00e9se sor\u00e1n, f\u0151 er\u00e9ny\u00fcnknek a rugalmass\u00e1got \u00e9s a megb\u00edz\u00f3val kialak\u00edtott bizalmi kapcsolatot tartjuk a legfontosabbnak. A sikeresen kialak\u00edtott akad\u00e1lytalan kommunik\u00e1ci\u00f3 seg\u00edts\u00e9g\u00e9vel, a \u2013 megb\u00edz\u00f3 \u00e9s a megb\u00edzott k\u00f6z\u00f6tti \u2013 f\u00e9lre\u00e9rt\u00e9sek a minimumra cs\u00f6kkenthet\u0151k.Munk\u00e1nkban az \u00e1ltalunk betervezett technol\u00f3gi\u00e1kkal, a megrendel\u0151 \u00e1ltal ig\u00e9nyelt maxim\u00e1lis komfortot biztos\u00edtjuk.<\/div>\n<div class=\"post-body entry-content\" style=\"text-align: center;\"><strong>Po toczky L\u00e1szl\u00f3 +36 hetven 3186521<\/strong><br \/>\n<strong>Ho rv\u00e1th G\u00e1bor +36 hetven 3689340<\/strong><\/div>\n<div class=\"post-body entry-content\" style=\"text-align: center;\"><strong>Cs\u00f3h Gy\u00f6rgy szerkeszt\u0151-rajzol\u00f3<\/strong><br \/>\n<strong> infokukkacbtervponthu<\/strong><\/div>\n<div class=\"post-body entry-content\" style=\"text-align: center;\">&nbsp;<\/div>\n<div class=\"post-body entry-content\" style=\"text-align: center;\">A banksz\u00e1mlasz\u00e1munk:<br \/>\n1010 3898-4871 5500-0100 0009<\/div>\n<div class=\"post-body entry-content\" style=\"text-align: center;\">\n<div class=\"post-body entry-content\" style=\"text-align: center;\">vagy<\/div>\n<div class=\"post-body entry-content\" style=\"text-align: center;\">IBAN: HU 62 1010 3898-4871 5500-0100 0009<\/div>\n<div class=\"post-body entry-content\" style=\"text-align: center;\">&nbsp;Ad\u00f3sz\u00e1m<span class=\"taxID\">1307 2500-2-13<\/span><\/div>\n<div class=\"post-body entry-content\" style=\"text-align: center;\">c\u00e9gjegyz\u00e9ksz\u00e1m &nbsp;&nbsp; &nbsp;13 09 0952 80<\/div>\n<div class=\"post-body entry-content\" style=\"text-align: center;\">Alap\u00edt\u00e1s d\u00e1tuma &nbsp;&nbsp; &nbsp;2003.07.01<\/div>\n<\/div>\n<div class=\"post-body entry-content\" style=\"text-align: center;\">&nbsp;<\/div>\n<div class=\"post-body entry-content\" style=\"text-align: center;\">iroda c\u00edme:<\/div>\n<div class=\"post-body entry-content\" style=\"text-align: center;\">&nbsp;<\/div>\n<div class=\"post-body entry-content\" style=\"text-align: center;\"><iframe loading=\"lazy\" style=\"border: 0;\" src=\"https:\/\/www.google.com\/maps\/embed?pb=!1m18!1m12!1m3!1d2691.9190211281184!2d19.052383749630643!3d47.56936397908003!2m3!1f0!2f0!3f0!3m2!1i1024!2i768!4f13.1!3m3!1m2!1s0x4741d99aa5aead95%3A0x2ba2f84c312a5db9!2sV%C3%ADzimalom+stny.+12%2C+Budapest%2C+1031!5e0!3m2!1shu!2shu!4v1447095027675\" width=\"600\" height=\"450\" frameborder=\"0\" allowfullscreen=\"allowfullscreen\"><\/iframe><\/div>\n<div class=\"post-body entry-content\" style=\"text-align: center;\">&nbsp;<\/div>\n<div class=\"post-body entry-content\" style=\"text-align: center;\">Bej\u00e1rat, a h\u00e1tulr\u00f3l, k\u00edv\u00fclr\u0151l ny\u00edl\u00f3 r\u00e1csos ajt\u00f3n:<\/div>\n<div class=\"post-body entry-content\" style=\"text-align: center;\">&nbsp;<a href=\"https:\/\/&lt;iframe src=&quot;https:\/\/www.google.com\/maps\/embed?pb=!1m0!3m2!1shu!2shu!4v1447095440178!6m8!1m7!1sciClNRgQwbda15z4Q_QhtQ!2m2!1d47.5689408!2d19.0547289!3f341.649571656242!4f-4.1117251601959595!5f3.325193203789971&quot; width=&quot;600&quot; height=&quot;450&quot; frameborder=&quot;0&quot; style=&quot;border:0&quot; allowfullscreen&gt;&lt;\/iframe&gt;\"><iframe loading=\"lazy\" style=\"border: 0;\" src=\"https:\/\/www.google.com\/maps\/embed?pb=!1m0!3m2!1shu!2shu!4v1447095440178!6m8!1m7!1sciClNRgQwbda15z4Q_QhtQ!2m2!1d47.5689408!2d19.0547289!3f341.649571656242!4f-4.1117251601959595!5f3.325193203789971\" width=\"600\" height=\"450\" frameborder=\"0\" allowfullscreen=\"allowfullscreen\"><\/iframe><\/a><\/div>\n<div class=\"post-body entry-content\" style=\"text-align: center;\">&nbsp;<\/div>\n","protected":false},"excerpt":{"rendered":"<p>R\u00f3lunk &nbsp; C\u00e9g\u00fcnk tagjai 1998 \u00f3ta foglalkoznak \u00e9p\u00fcletg\u00e9p\u00e9szettel. P\u00e1ly\u00e1nkat a rendszerv\u00e1lt\u00e1s ut\u00e1n fokozatosan megsz\u0171n\u0151 nagy tervez\u0151 c\u00e9gekn\u00e9l kezdt\u00fck pl. \u00c9viterv, H\u0171t\u0151g\u00e9pgy\u00e1r stb.A szakmai int\u00e9zm\u00e9nyekben oktatott elm\u00e9leti alapok megszerz\u00e9se, \u00e9s a t\u00f6bb \u00e9ves gyakorlati munka alatt fogalmaz\u00f3dott meg az ig\u00e9ny\u00fcnk arra, hogy saj\u00e1t c\u00e9get alap\u00edtsunk. Egyre t\u00f6bb mag\u00e1n munk\u00e1t v\u00e1llalva \u00e1llt \u00f6ssze a ma is akt\u00edv &hellip; <a href=\"https:\/\/bterv.hu\/?page_id=60\" class=\"more-link\"><span class=\"screen-reader-text\">R\u00f3lunk, el\u00e9rhet\u0151s\u00e9g\u00fcnk<\/span> b\u0151vebben&#8230; <span class=\"meta-nav\">&rarr;<\/span><\/a><\/p>\n","protected":false},"author":1,"featured_media":0,"parent":0,"menu_order":4,"comment_status":"open","ping_status":"closed","template":"","meta":{"ngg_post_thumbnail":0,"footnotes":""},"class_list":["post-60","page","type-page","status-publish","hentry"],"yoast_head":"<!-- This site is optimized with the Yoast SEO plugin v27.3 - https:\/\/yoast.com\/product\/yoast-seo-wordpress\/ -->\n<title>R\u00f3lunk, el\u00e9rhet\u0151s\u00e9g\u00fcnk - B Terv St\u00fadi\u00f3 Kft.<\/title>\n<meta name=\"robots\" content=\"noindex, nofollow\" \/>\n<meta property=\"og:locale\" content=\"hu_HU\" \/>\n<meta property=\"og:type\" content=\"article\" \/>\n<meta property=\"og:title\" content=\"R\u00f3lunk, el\u00e9rhet\u0151s\u00e9g\u00fcnk - B Terv St\u00fadi\u00f3 Kft.\" \/>\n<meta property=\"og:description\" content=\"R\u00f3lunk &nbsp; C\u00e9g\u00fcnk tagjai 1998 \u00f3ta foglalkoznak \u00e9p\u00fcletg\u00e9p\u00e9szettel. P\u00e1ly\u00e1nkat a rendszerv\u00e1lt\u00e1s ut\u00e1n fokozatosan megsz\u0171n\u0151 nagy tervez\u0151 c\u00e9gekn\u00e9l kezdt\u00fck pl. \u00c9viterv, H\u0171t\u0151g\u00e9pgy\u00e1r stb.A szakmai int\u00e9zm\u00e9nyekben oktatott elm\u00e9leti alapok megszerz\u00e9se, \u00e9s a t\u00f6bb \u00e9ves gyakorlati munka alatt fogalmaz\u00f3dott meg az ig\u00e9ny\u00fcnk arra, hogy saj\u00e1t c\u00e9get alap\u00edtsunk. Egyre t\u00f6bb mag\u00e1n munk\u00e1t v\u00e1llalva \u00e1llt \u00f6ssze a ma is akt\u00edv &hellip; R\u00f3lunk, el\u00e9rhet\u0151s\u00e9g\u00fcnk b\u0151vebben... &rarr;\" \/>\n<meta property=\"og:url\" content=\"https:\/\/bterv.hu\/?page_id=60\" \/>\n<meta property=\"og:site_name\" content=\"B Terv St\u00fadi\u00f3 Kft.\" \/>\n<meta property=\"article:modified_time\" content=\"2026-03-26T09:24:02+00:00\" \/>\n<meta name=\"twitter:card\" content=\"summary_large_image\" \/>\n<meta name=\"twitter:label1\" content=\"Becs\u00fclt olvas\u00e1si id\u0151\" \/>\n\t<meta name=\"twitter:data1\" content=\"1 perc\" \/>\n<script type=\"application\/ld+json\" class=\"yoast-schema-graph\">{\"@context\":\"https:\\\/\\\/schema.org\",\"@graph\":[{\"@type\":\"WebPage\",\"@id\":\"https:\\\/\\\/bterv.hu\\\/?page_id=60\",\"url\":\"https:\\\/\\\/bterv.hu\\\/?page_id=60\",\"name\":\"R\u00f3lunk, el\u00e9rhet\u0151s\u00e9g\u00fcnk - B Terv St\u00fadi\u00f3 Kft.\",\"isPartOf\":{\"@id\":\"https:\\\/\\\/bterv.hu\\\/#website\"},\"datePublished\":\"2015-10-27T23:02:51+00:00\",\"dateModified\":\"2026-03-26T09:24:02+00:00\",\"breadcrumb\":{\"@id\":\"https:\\\/\\\/bterv.hu\\\/?page_id=60#breadcrumb\"},\"inLanguage\":\"hu\",\"potentialAction\":[{\"@type\":\"ReadAction\",\"target\":[\"https:\\\/\\\/bterv.hu\\\/?page_id=60\"]}]},{\"@type\":\"BreadcrumbList\",\"@id\":\"https:\\\/\\\/bterv.hu\\\/?page_id=60#breadcrumb\",\"itemListElement\":[{\"@type\":\"ListItem\",\"position\":1,\"name\":\"Kezd\u0151lap\",\"item\":\"https:\\\/\\\/bterv.hu\\\/\"},{\"@type\":\"ListItem\",\"position\":2,\"name\":\"R\u00f3lunk, el\u00e9rhet\u0151s\u00e9g\u00fcnk\"}]},{\"@type\":\"WebSite\",\"@id\":\"https:\\\/\\\/bterv.hu\\\/#website\",\"url\":\"https:\\\/\\\/bterv.hu\\\/\",\"name\":\"B Terv St\u00fadi\u00f3 Kft.\",\"description\":\"\u00e9p\u00fcletg\u00e9p\u00e9sz tervez\u00e9s\",\"potentialAction\":[{\"@type\":\"SearchAction\",\"target\":{\"@type\":\"EntryPoint\",\"urlTemplate\":\"https:\\\/\\\/bterv.hu\\\/?s={search_term_string}\"},\"query-input\":{\"@type\":\"PropertyValueSpecification\",\"valueRequired\":true,\"valueName\":\"search_term_string\"}}],\"inLanguage\":\"hu\"}]}<\/script>\n<!-- \/ Yoast SEO plugin. -->","yoast_head_json":{"title":"R\u00f3lunk, el\u00e9rhet\u0151s\u00e9g\u00fcnk - B Terv St\u00fadi\u00f3 Kft.","robots":{"index":"noindex","follow":"nofollow"},"og_locale":"hu_HU","og_type":"article","og_title":"R\u00f3lunk, el\u00e9rhet\u0151s\u00e9g\u00fcnk - B Terv St\u00fadi\u00f3 Kft.","og_description":"R\u00f3lunk &nbsp; C\u00e9g\u00fcnk tagjai 1998 \u00f3ta foglalkoznak \u00e9p\u00fcletg\u00e9p\u00e9szettel. P\u00e1ly\u00e1nkat a rendszerv\u00e1lt\u00e1s ut\u00e1n fokozatosan megsz\u0171n\u0151 nagy tervez\u0151 c\u00e9gekn\u00e9l kezdt\u00fck pl. \u00c9viterv, H\u0171t\u0151g\u00e9pgy\u00e1r stb.A szakmai int\u00e9zm\u00e9nyekben oktatott elm\u00e9leti alapok megszerz\u00e9se, \u00e9s a t\u00f6bb \u00e9ves gyakorlati munka alatt fogalmaz\u00f3dott meg az ig\u00e9ny\u00fcnk arra, hogy saj\u00e1t c\u00e9get alap\u00edtsunk. Egyre t\u00f6bb mag\u00e1n munk\u00e1t v\u00e1llalva \u00e1llt \u00f6ssze a ma is akt\u00edv &hellip; R\u00f3lunk, el\u00e9rhet\u0151s\u00e9g\u00fcnk b\u0151vebben... &rarr;","og_url":"https:\/\/bterv.hu\/?page_id=60","og_site_name":"B Terv St\u00fadi\u00f3 Kft.","article_modified_time":"2026-03-26T09:24:02+00:00","twitter_card":"summary_large_image","twitter_misc":{"Becs\u00fclt olvas\u00e1si id\u0151":"1 perc"},"schema":{"@context":"https:\/\/schema.org","@graph":[{"@type":"WebPage","@id":"https:\/\/bterv.hu\/?page_id=60","url":"https:\/\/bterv.hu\/?page_id=60","name":"R\u00f3lunk, el\u00e9rhet\u0151s\u00e9g\u00fcnk - B Terv St\u00fadi\u00f3 Kft.","isPartOf":{"@id":"https:\/\/bterv.hu\/#website"},"datePublished":"2015-10-27T23:02:51+00:00","dateModified":"2026-03-26T09:24:02+00:00","breadcrumb":{"@id":"https:\/\/bterv.hu\/?page_id=60#breadcrumb"},"inLanguage":"hu","potentialAction":[{"@type":"ReadAction","target":["https:\/\/bterv.hu\/?page_id=60"]}]},{"@type":"BreadcrumbList","@id":"https:\/\/bterv.hu\/?page_id=60#breadcrumb","itemListElement":[{"@type":"ListItem","position":1,"name":"Kezd\u0151lap","item":"https:\/\/bterv.hu\/"},{"@type":"ListItem","position":2,"name":"R\u00f3lunk, el\u00e9rhet\u0151s\u00e9g\u00fcnk"}]},{"@type":"WebSite","@id":"https:\/\/bterv.hu\/#website","url":"https:\/\/bterv.hu\/","name":"B Terv St\u00fadi\u00f3 Kft.","description":"\u00e9p\u00fcletg\u00e9p\u00e9sz tervez\u00e9s","potentialAction":[{"@type":"SearchAction","target":{"@type":"EntryPoint","urlTemplate":"https:\/\/bterv.hu\/?s={search_term_string}"},"query-input":{"@type":"PropertyValueSpecification","valueRequired":true,"valueName":"search_term_string"}}],"inLanguage":"hu"}]}},"_links":{"self":[{"href":"https:\/\/bterv.hu\/index.php?rest_route=\/wp\/v2\/pages\/60","targetHints":{"allow":["GET"]}}],"collection":[{"href":"https:\/\/bterv.hu\/index.php?rest_route=\/wp\/v2\/pages"}],"about":[{"href":"https:\/\/bterv.hu\/index.php?rest_route=\/wp\/v2\/types\/page"}],"author":[{"embeddable":true,"href":"https:\/\/bterv.hu\/index.php?rest_route=\/wp\/v2\/users\/1"}],"replies":[{"embeddable":true,"href":"https:\/\/bterv.hu\/index.php?rest_route=%2Fwp%2Fv2%2Fcomments&post=60"}],"version-history":[{"count":22,"href":"https:\/\/bterv.hu\/index.php?rest_route=\/wp\/v2\/pages\/60\/revisions"}],"predecessor-version":[{"id":271,"href":"https:\/\/bterv.hu\/index.php?rest_route=\/wp\/v2\/pages\/60\/revisions\/271"}],"wp:attachment":[{"href":"https:\/\/bterv.hu\/index.php?rest_route=%2Fwp%2Fv2%2Fmedia&parent=60"}],"curies":[{"name":"wp","href":"https:\/\/api.w.org\/{rel}","templated":true}]}}