{"id":8,"date":"2015-03-22T14:23:11","date_gmt":"2015-03-22T13:23:11","guid":{"rendered":"http:\/\/bterv.hu\/?page_id=8"},"modified":"2015-11-05T09:53:58","modified_gmt":"2015-11-05T08:53:58","slug":"tervezes","status":"publish","type":"page","link":"https:\/\/bterv.hu\/?page_id=8","title":{"rendered":"Tervez\u00e9s, elemz\u00e9s, audit"},"content":{"rendered":"<h3 class=\"post-title entry-title\">Tervez\u00e9s, elemz\u00e9s, audit<\/h3>\n<div class=\"post-header\"><\/div>\n<div id=\"post-body-4465634258931391146\" class=\"post-body entry-content\">\n<div>1998 \u00f3ta folyamatosan folytatunk tervez\u0151i munk\u00e1t.<\/div>\n<div>A szakma ez alatt az id\u0151szak alatt t\u00f6bbet v\u00e1ltozott mint az elm\u00falt ezer \u00e9vben.<\/div>\n<div>Mindezt v\u00e9gigj\u00e1rva sok tapasztalatot gy\u0171jt\u00f6tt\u00fcnk<\/div>\n<div><\/div>\n<div>\u00c1ltal\u00e1noss\u00e1gban: az ig\u00e9nyek felm\u00e9r\u00e9s\u00e9vel kezdj\u00fck.<\/div>\n<div>Elmondjuk, magyar\u00e1zzuk az \u00f6sszes lehet\u0151s\u00e9get, azoknak minden vonzat\u00e1val. Itt kb. 20%-os pontoss\u00e1g\u00fa k\u00f6lts\u00e9geket tudunk mondani.<\/div>\n<div>\n<ul>\n<li>Megval\u00f3s\u00edthat\u00f3s\u00e1gi, tanulm\u00e1ny terv<\/li>\n<\/ul>\n<p>Adatok biztos\u00edt\u00e1sa a megrendel\u0151nek, hogy laikus r\u00e9v\u00e9n is val\u00f3s d\u00f6nt\u00e9si helyzetbe ker\u00fclj\u00f6n.(pl milyen vastag h\u0151szigetel\u00e9s ker\u00fclj\u00f6n a falra) Beruh\u00e1z\u00e1s, megt\u00e9r\u00fcl\u00e9s sz\u00e1m\u00edt\u00e1sok.<\/p>\n<ul>\n<li>Enged\u00e9lyez\u00e9si terv<\/li>\n<\/ul>\n<p>Els\u0151sorban \u00e9p\u00edt\u00e9s\u00fcgyi hat\u00f3s\u00e1g, szakhat\u00f3s\u00e1ghoz beadand\u00f3 tervcsomaghoz k\u00e9sz\u00edtj\u00fck, g\u00e9p\u00e9sz fejezetk\u00e9nt.<\/p>\n<ul>\n<li>Aj\u00e1nlati, tender terv<\/li>\n<\/ul>\n<p>A beruh\u00e1z\u00e1s pontos \u00f6sszeg\u00e9nek meghat\u00e1roz\u00e1s\u00e1ra szolg\u00e1l, \u00e9s a kivitelez\u0151k versenyeztet\u00e9s\u00e9hez elengedhetetlen. Els\u0151sorban t\u00e9teles k\u00f6lts\u00e9gvet\u00e9st tartalmaz, amit elemenk\u00e9nt lehet \u00f6sszehasonl\u00edtani a k\u00fcl\u00f6nb\u00f6z\u0151 aj\u00e1nlatad\u00f3kkal.<\/p>\n<ul>\n<li>Kiviteli, \u00e9p\u00edt\u00e9si terv<\/li>\n<\/ul>\n<p>Az \u00e9p\u00edt\u00e9shez, kivitelez\u00e9shez sz\u00fcks\u00e9ges, tartalmazza az \u00f6sszes r\u00e9szletet, ami a megval\u00f3s\u00edt\u00e1shoz kell.<\/p>\n<\/div>\n<\/div>\n<ul>\n<li>Megval\u00f3sul\u00e1si, felm\u00e9r\u00e9si terv<\/li>\n<\/ul>\n<p>Egy l\u00e9tes\u00edtm\u00e9ny tov\u00e1bbtervez\u00e9s\u00e9hez, gazdas\u00e1gos \u00fczemeltet\u00e9s\u00e9hez sz\u00fcks\u00e9ges (pl.: volt olyan \u00fcgyfel\u00fcnk akin\u00e9l mi der\u00edtett\u00fck fel, hogy egyszerre megy a h\u0171t\u00e9se, \u00e9s a f\u0171t\u00e9se)<\/p>\n<ul>\n<li>Adatelemz\u00e9sek<\/li>\n<\/ul>\n<p>M\u0171k\u00f6d\u0151 \u00f6sszetett rendszer j\u00f3s\u00e1gi, fogyaszt\u00e1si, energiatakar\u00e9koss\u00e1gi vizsg\u00e1lata.<br \/>\nPl.: szervertermek 30 perces m\u00e9r\u00e9si adatsor\u00e1b\u00f3l rendelleness\u00e9geket t\u00e1ruk fel.<br \/>\nPillanatnyi m\u00e9r\u00e9sek: bemen\u0151 teljes\u00edtm\u00e9ny, hasznos teljes\u00edtm\u00e9ny, k\u00fcls\u0151-bels\u0151 h\u0151m\u00e9rs\u00e9klet, PUE (Power usage effectiveness)<br \/>\n\u00d6sszes m\u0171k\u00f6d\u00e9si id\u0151: kl\u00edma-ventil\u00e1tor, kompresszor \u00fczemid\u0151, kapcsol\u00e1si sz\u00e1m.<br \/>\nJavaslatt\u00e9tel a beruh\u00e1z\u00e1si ig\u00e9ny n\u00e9lk\u00fcli, azonnal megt\u00e9r\u00fcl\u0151 int\u00e9zked\u00e9sekre.<br \/>\n5-\u00e9ven bel\u00fcl megt\u00e9r\u00fcl\u0151 beruh\u00e1z\u00e1sokra.<br \/>\n5-10 \u00e9ven bel\u00fcl megt\u00e9r\u00fcl\u0151 beruh\u00e1z\u00e1sokra.<\/p>\n<ul>\n<li>Energetikai sz\u00e1m\u00edt\u00e1sok, energetikai auditok<\/li>\n<\/ul>\n<p>Tervek \u00e9s helysz\u00edni bej\u00e1r\u00e1s alapj\u00e1n a megl\u00e9v\u0151 \u00e9p\u00fclet h\u0151sz\u00fcks\u00e9glet sz\u00e1m\u00edt\u00e1sa.<br \/>\nHelysz\u00edni bej\u00e1r\u00e1s meg\u00e1llap\u00edt\u00e1sai (ide\u00e9rtve az \u00fczemeletet\u00e9si tapasztalatokat is).<br \/>\nBeruh\u00e1z\u00e1si ig\u00e9ny n\u00e9lk\u00fcli, azonnal megt\u00e9r\u00fcl\u0151 int\u00e9zked\u00e9sek (mi el\u0151bb csukatjuk be az ablakot, minthogy javasoljunk egy hat\u00e9konyabb h\u0151termel\u00e9st, amit kienged\u00fcnk az ablakon).<br \/>\n5-\u00e9ven bel\u00fcl megt\u00e9r\u00fcl\u0151 beruh\u00e1z\u00e1sok.<br \/>\n5-10 \u00e9ven bel\u00fcl megt\u00e9r\u00fcl\u0151 beruh\u00e1z\u00e1sok.<br \/>\nJavaslatt\u00e9tel a fel\u00faj\u00edt\u00e1sok \u00fctemez\u00e9s\u00e9re vonatkoz\u00f3an.<br \/>\nAz audit mell\u00e9kletek\u00e9nt \u00e1tad\u00e1sra ker\u00fcl az \u00e9p\u00fclet energetikai tan\u00fas\u00edtv\u00e1nya.<\/p>\n","protected":false},"excerpt":{"rendered":"<p>Tervez\u00e9s, elemz\u00e9s, audit 1998 \u00f3ta folyamatosan folytatunk tervez\u0151i munk\u00e1t. A szakma ez alatt az id\u0151szak alatt t\u00f6bbet v\u00e1ltozott mint az elm\u00falt ezer \u00e9vben. Mindezt v\u00e9gigj\u00e1rva sok tapasztalatot gy\u0171jt\u00f6tt\u00fcnk \u00c1ltal\u00e1noss\u00e1gban: az ig\u00e9nyek felm\u00e9r\u00e9s\u00e9vel kezdj\u00fck. Elmondjuk, magyar\u00e1zzuk az \u00f6sszes lehet\u0151s\u00e9get, azoknak minden vonzat\u00e1val. Itt kb. 20%-os pontoss\u00e1g\u00fa k\u00f6lts\u00e9geket tudunk mondani. Megval\u00f3s\u00edthat\u00f3s\u00e1gi, tanulm\u00e1ny terv Adatok biztos\u00edt\u00e1sa a megrendel\u0151nek, &hellip; <a href=\"https:\/\/bterv.hu\/?page_id=8\" class=\"more-link\"><span class=\"screen-reader-text\">Tervez\u00e9s, elemz\u00e9s, audit<\/span> b\u0151vebben&#8230; <span class=\"meta-nav\">&rarr;<\/span><\/a><\/p>\n","protected":false},"author":1,"featured_media":0,"parent":0,"menu_order":1,"comment_status":"closed","ping_status":"closed","template":"","meta":{"ngg_post_thumbnail":0,"footnotes":""},"class_list":["post-8","page","type-page","status-publish","hentry"],"yoast_head":"<!-- This site is optimized with the Yoast SEO plugin v27.3 - https:\/\/yoast.com\/product\/yoast-seo-wordpress\/ -->\n<title>Tervez\u00e9s, elemz\u00e9s, audit - B Terv St\u00fadi\u00f3 Kft.<\/title>\n<meta name=\"robots\" content=\"index, follow, max-snippet:-1, max-image-preview:large, max-video-preview:-1\" \/>\n<link rel=\"canonical\" href=\"https:\/\/bterv.hu\/?page_id=8\" \/>\n<meta property=\"og:locale\" content=\"hu_HU\" \/>\n<meta property=\"og:type\" content=\"article\" \/>\n<meta property=\"og:title\" content=\"Tervez\u00e9s, elemz\u00e9s, audit - B Terv St\u00fadi\u00f3 Kft.\" \/>\n<meta property=\"og:description\" content=\"Tervez\u00e9s, elemz\u00e9s, audit 1998 \u00f3ta folyamatosan folytatunk tervez\u0151i munk\u00e1t. A szakma ez alatt az id\u0151szak alatt t\u00f6bbet v\u00e1ltozott mint az elm\u00falt ezer \u00e9vben. Mindezt v\u00e9gigj\u00e1rva sok tapasztalatot gy\u0171jt\u00f6tt\u00fcnk \u00c1ltal\u00e1noss\u00e1gban: az ig\u00e9nyek felm\u00e9r\u00e9s\u00e9vel kezdj\u00fck. Elmondjuk, magyar\u00e1zzuk az \u00f6sszes lehet\u0151s\u00e9get, azoknak minden vonzat\u00e1val. Itt kb. 20%-os pontoss\u00e1g\u00fa k\u00f6lts\u00e9geket tudunk mondani. Megval\u00f3s\u00edthat\u00f3s\u00e1gi, tanulm\u00e1ny terv Adatok biztos\u00edt\u00e1sa a megrendel\u0151nek, &hellip; Tervez\u00e9s, elemz\u00e9s, audit b\u0151vebben... &rarr;\" \/>\n<meta property=\"og:url\" content=\"https:\/\/bterv.hu\/?page_id=8\" \/>\n<meta property=\"og:site_name\" content=\"B Terv St\u00fadi\u00f3 Kft.\" \/>\n<meta property=\"article:modified_time\" content=\"2015-11-05T08:53:58+00:00\" \/>\n<meta name=\"twitter:card\" content=\"summary_large_image\" \/>\n<meta name=\"twitter:label1\" content=\"Becs\u00fclt olvas\u00e1si id\u0151\" \/>\n\t<meta name=\"twitter:data1\" content=\"3 perc\" \/>\n<script type=\"application\/ld+json\" class=\"yoast-schema-graph\">{\"@context\":\"https:\\\/\\\/schema.org\",\"@graph\":[{\"@type\":\"WebPage\",\"@id\":\"https:\\\/\\\/bterv.hu\\\/?page_id=8\",\"url\":\"https:\\\/\\\/bterv.hu\\\/?page_id=8\",\"name\":\"Tervez\u00e9s, elemz\u00e9s, audit - B Terv St\u00fadi\u00f3 Kft.\",\"isPartOf\":{\"@id\":\"https:\\\/\\\/bterv.hu\\\/#website\"},\"datePublished\":\"2015-03-22T13:23:11+00:00\",\"dateModified\":\"2015-11-05T08:53:58+00:00\",\"breadcrumb\":{\"@id\":\"https:\\\/\\\/bterv.hu\\\/?page_id=8#breadcrumb\"},\"inLanguage\":\"hu\",\"potentialAction\":[{\"@type\":\"ReadAction\",\"target\":[\"https:\\\/\\\/bterv.hu\\\/?page_id=8\"]}]},{\"@type\":\"BreadcrumbList\",\"@id\":\"https:\\\/\\\/bterv.hu\\\/?page_id=8#breadcrumb\",\"itemListElement\":[{\"@type\":\"ListItem\",\"position\":1,\"name\":\"Kezd\u0151lap\",\"item\":\"https:\\\/\\\/bterv.hu\\\/\"},{\"@type\":\"ListItem\",\"position\":2,\"name\":\"Tervez\u00e9s, elemz\u00e9s, audit\"}]},{\"@type\":\"WebSite\",\"@id\":\"https:\\\/\\\/bterv.hu\\\/#website\",\"url\":\"https:\\\/\\\/bterv.hu\\\/\",\"name\":\"B Terv St\u00fadi\u00f3 Kft.\",\"description\":\"\u00e9p\u00fcletg\u00e9p\u00e9sz tervez\u00e9s\",\"potentialAction\":[{\"@type\":\"SearchAction\",\"target\":{\"@type\":\"EntryPoint\",\"urlTemplate\":\"https:\\\/\\\/bterv.hu\\\/?s={search_term_string}\"},\"query-input\":{\"@type\":\"PropertyValueSpecification\",\"valueRequired\":true,\"valueName\":\"search_term_string\"}}],\"inLanguage\":\"hu\"}]}<\/script>\n<!-- \/ Yoast SEO plugin. -->","yoast_head_json":{"title":"Tervez\u00e9s, elemz\u00e9s, audit - B Terv St\u00fadi\u00f3 Kft.","robots":{"index":"index","follow":"follow","max-snippet":"max-snippet:-1","max-image-preview":"max-image-preview:large","max-video-preview":"max-video-preview:-1"},"canonical":"https:\/\/bterv.hu\/?page_id=8","og_locale":"hu_HU","og_type":"article","og_title":"Tervez\u00e9s, elemz\u00e9s, audit - B Terv St\u00fadi\u00f3 Kft.","og_description":"Tervez\u00e9s, elemz\u00e9s, audit 1998 \u00f3ta folyamatosan folytatunk tervez\u0151i munk\u00e1t. A szakma ez alatt az id\u0151szak alatt t\u00f6bbet v\u00e1ltozott mint az elm\u00falt ezer \u00e9vben. Mindezt v\u00e9gigj\u00e1rva sok tapasztalatot gy\u0171jt\u00f6tt\u00fcnk \u00c1ltal\u00e1noss\u00e1gban: az ig\u00e9nyek felm\u00e9r\u00e9s\u00e9vel kezdj\u00fck. Elmondjuk, magyar\u00e1zzuk az \u00f6sszes lehet\u0151s\u00e9get, azoknak minden vonzat\u00e1val. Itt kb. 20%-os pontoss\u00e1g\u00fa k\u00f6lts\u00e9geket tudunk mondani. Megval\u00f3s\u00edthat\u00f3s\u00e1gi, tanulm\u00e1ny terv Adatok biztos\u00edt\u00e1sa a megrendel\u0151nek, &hellip; Tervez\u00e9s, elemz\u00e9s, audit b\u0151vebben... &rarr;","og_url":"https:\/\/bterv.hu\/?page_id=8","og_site_name":"B Terv St\u00fadi\u00f3 Kft.","article_modified_time":"2015-11-05T08:53:58+00:00","twitter_card":"summary_large_image","twitter_misc":{"Becs\u00fclt olvas\u00e1si id\u0151":"3 perc"},"schema":{"@context":"https:\/\/schema.org","@graph":[{"@type":"WebPage","@id":"https:\/\/bterv.hu\/?page_id=8","url":"https:\/\/bterv.hu\/?page_id=8","name":"Tervez\u00e9s, elemz\u00e9s, audit - B Terv St\u00fadi\u00f3 Kft.","isPartOf":{"@id":"https:\/\/bterv.hu\/#website"},"datePublished":"2015-03-22T13:23:11+00:00","dateModified":"2015-11-05T08:53:58+00:00","breadcrumb":{"@id":"https:\/\/bterv.hu\/?page_id=8#breadcrumb"},"inLanguage":"hu","potentialAction":[{"@type":"ReadAction","target":["https:\/\/bterv.hu\/?page_id=8"]}]},{"@type":"BreadcrumbList","@id":"https:\/\/bterv.hu\/?page_id=8#breadcrumb","itemListElement":[{"@type":"ListItem","position":1,"name":"Kezd\u0151lap","item":"https:\/\/bterv.hu\/"},{"@type":"ListItem","position":2,"name":"Tervez\u00e9s, elemz\u00e9s, audit"}]},{"@type":"WebSite","@id":"https:\/\/bterv.hu\/#website","url":"https:\/\/bterv.hu\/","name":"B Terv St\u00fadi\u00f3 Kft.","description":"\u00e9p\u00fcletg\u00e9p\u00e9sz tervez\u00e9s","potentialAction":[{"@type":"SearchAction","target":{"@type":"EntryPoint","urlTemplate":"https:\/\/bterv.hu\/?s={search_term_string}"},"query-input":{"@type":"PropertyValueSpecification","valueRequired":true,"valueName":"search_term_string"}}],"inLanguage":"hu"}]}},"_links":{"self":[{"href":"https:\/\/bterv.hu\/index.php?rest_route=\/wp\/v2\/pages\/8","targetHints":{"allow":["GET"]}}],"collection":[{"href":"https:\/\/bterv.hu\/index.php?rest_route=\/wp\/v2\/pages"}],"about":[{"href":"https:\/\/bterv.hu\/index.php?rest_route=\/wp\/v2\/types\/page"}],"author":[{"embeddable":true,"href":"https:\/\/bterv.hu\/index.php?rest_route=\/wp\/v2\/users\/1"}],"replies":[{"embeddable":true,"href":"https:\/\/bterv.hu\/index.php?rest_route=%2Fwp%2Fv2%2Fcomments&post=8"}],"version-history":[{"count":15,"href":"https:\/\/bterv.hu\/index.php?rest_route=\/wp\/v2\/pages\/8\/revisions"}],"predecessor-version":[{"id":138,"href":"https:\/\/bterv.hu\/index.php?rest_route=\/wp\/v2\/pages\/8\/revisions\/138"}],"wp:attachment":[{"href":"https:\/\/bterv.hu\/index.php?rest_route=%2Fwp%2Fv2%2Fmedia&parent=8"}],"curies":[{"name":"wp","href":"https:\/\/api.w.org\/{rel}","templated":true}]}}