{"id":95,"date":"2015-10-28T09:18:17","date_gmt":"2015-10-28T08:18:17","guid":{"rendered":"http:\/\/bterv.hu\/?page_id=95"},"modified":"2024-03-08T12:20:25","modified_gmt":"2024-03-08T11:20:25","slug":"tervezesi","status":"publish","type":"page","link":"https:\/\/bterv.hu\/?page_id=95","title":{"rendered":"Tervez\u00e9si"},"content":{"rendered":"<p><strong>Adatk\u00f6zpont technol\u00f3gia h\u0171t\u00e9s, (data center cooling, mobile switching centre cooling)<br \/>\n<\/strong><\/p>\n<p>Tender, majd kiviteli terv:<\/p>\n<p>Magyarorsz\u00e1g ter\u00fclet\u00e9n, Tisz\u00e1nt\u00falon IT kapacit\u00e1s 600 kW,&nbsp; TIER3+ biztons\u00e1gi szint<\/p>\n<p>Magyarorsz\u00e1g ter\u00fclet\u00e9n, Dun\u00e1nt\u00falon IT kapacit\u00e1s 600 kW,&nbsp; TIER3+ biztons\u00e1gi szint<\/p>\n<p>Magyarorsz\u00e1g ter\u00fclet\u00e9n, Budapest IT kapacit\u00e1s 200 kW,&nbsp; TIER3+ biztons\u00e1gi szint<\/p>\n<p>Rekonstrukci\u00f3 Tender, majd kiviteli terv:<\/p>\n<p>Magyarorsz\u00e1g ter\u00fclet\u00e9n, Budapest IT h\u0171t\u00e9s, h\u0171t\u00e9s kapacit\u00e1s 360 kW,&nbsp; TIER3+ biztons\u00e1gi szint g\u00e9p\u00e9sz oldalon<\/p>\n<p>Magyarorsz\u00e1g ter\u00fclet\u00e9n, Budapest IT h\u0171t\u00e9s, h\u0171t\u00e9s kapacit\u00e1s 280kW,&nbsp; TIER3+ biztons\u00e1gi szint g\u00e9p\u00e9sz oldalon<\/p>\n<p>Magyarorsz\u00e1g ter\u00fclet\u00e9n, Budapest IT h\u0171t\u00e9s, h\u0171t\u00e9s kapacit\u00e1s 120 kW,&nbsp; TIER3+ biztons\u00e1gi szint g\u00e9p\u00e9sz oldalon<\/p>\n<p>Magyarorsz\u00e1g ter\u00fclet\u00e9n, Dun\u00e1nt\u00fal IT h\u0171t\u00e9s, h\u0171t\u00e9s kapacit\u00e1s&nbsp; ~300 kW,&nbsp; TIER3+ biztons\u00e1gi szint g\u00e9p\u00e9sz oldalon<\/p>\n<p>Elemz\u00e9sek, PUE cs\u00f6kkent\u0151 tervek:<\/p>\n<p>Indirekt szabad h\u0171t\u00e9s kialak\u00edt\u00e1sa Magyarorsz\u00e1g ter\u00fclet\u00e9n 6 helyen<\/p>\n<p>L\u0151por t\u00f6lt\u0151 \u00fczem, technol\u00f3giai szell\u0151z\u00e9se. Magyarorsz\u00e1d, Dun\u00e1nt\u00fal.<\/p>\n<p>Szervetlen por f\u00fcst, g\u00e1z, porelsz\u00edv\u00e1s, alap szell\u0151z\u00e9s, \u00e9s technol\u00f3giai elsz\u00edv\u00e1s. Magyarorsz\u00e1g, Duna-Tisza k\u00f6ze.<\/p>\n<p>Szerves por porelsz\u00edv\u00e1s robban\u00e1sbiztos technol\u00f3giai elsz\u00edv\u00e1s, robban\u00f3ajt\u00f3kkal, visszaterjed\u00e9s g\u00e1tl\u00f3kkal. Magyarorsz\u00e1g, Budapest<\/p>\n<p>Morfolin kolonna robban\u00e1sbiztos kondenz\u00e1tor ~ 700 kW tervez\u00e9se.<\/p>\n<p>&nbsp;<\/p>\n<p><strong>Magyar K\u00f6zt\u00e1rsas\u00e1g Ungv\u00e1ri F\u0151konzul\u00e1tusa. <\/strong><\/p>\n<p>F\u0171t\u00e9s-h\u0171t\u00e9s, szell\u0151z\u00e9s, v\u00edzell\u00e1t\u00e1s-csatorn\u00e1z\u00e1s, g\u00e1zell\u00e1t\u00e1s kiviteli tervek.<\/p>\n<p><strong>Magyar K\u00f6zt\u00e1rsas\u00e1g Washingtoni Nagyk\u00f6vets\u00e9g <\/strong><\/p>\n<p>\u00e9p\u00fcletg\u00e9p\u00e9szet tanulm\u00e1nyterv, felm\u00e9r\u00e9si terv<\/p>\n<p>&nbsp;<\/p>\n<p><strong>IVAX 405 gy\u00f3gyszerlabor <\/strong><\/p>\n<p>Ivax 405-\u00f6s labor klimatiz\u00e1l\u00e1si munk\u00e1inak megtervez\u00e9s\u00e9re.<\/p>\n<p>F\u0171t\u00e9s-h\u0171t\u00e9s, szell\u0151z\u00e9s, g\u0151zell\u00e1t\u00e1s kiviteli tervek.<\/p>\n<p>&nbsp;<\/p>\n<p><strong>Csepel Mat\u00e1v 400 f\u0151s call center. <\/strong><\/p>\n<p>A csepeli volt t\u00e1vbesz\u00e9l\u0151 \u00e1llom\u00e1s, irodah\u00e1z \u00e1talak\u00edt\u00e1sa, fel\u00faj\u00edt\u00e1sa volt. Tervez\u00e9s\u00fcnk az \u0151ket kiszolg\u00e1l\u00f3 komfort rendszerekre vonatkozott. Tervezt\u00fcnk tov\u00e1bb\u00e1 egy szerver heylis\u00e9g h\u0171t\u00e9st is. A helyis\u00e9gek frissleveg\u0151-ell\u00e1t\u00e1s\u00e1t mesters\u00e9ges szell\u0151ztet\u0151 rendszerrel tervezz\u00fck.<\/p>\n<p>&nbsp;<\/p>\n<p><strong>Budapest, Csengeri utcai irodah\u00e1z <\/strong><\/p>\n<p>F\u0171t\u00e9s-h\u0171t\u00e9s, kiviteli tervek.<\/p>\n<p>&nbsp;<\/p>\n<p><strong>Par\u00e1d 150 f\u0151s id\u0151sek otthona. <\/strong><\/p>\n<p>F\u0171t\u00e9s, szell\u0151z\u00e9s, h\u0171t\u00e9s, v\u00edzell\u00e1t\u00e1s-csatorn\u00e1z\u00e1s, g\u00e1zell\u00e1t\u00e1s kiviteli tervek t\u00e1rstervez\u0151k\u00e9nt.<\/p>\n<p>&nbsp;<\/p>\n<p><strong>Le\u00e1nyfalu, uszoda. <\/strong><\/p>\n<p>F\u0171t\u00e9s, v\u00edzell\u00e1t\u00e1s-csatorn\u00e1z\u00e1s, g\u00e1zell\u00e1t\u00e1s \u00e9p\u00edt\u00e9si enged\u00e9lyez\u00e9si, kiviteli tervek.<\/p>\n<p>&nbsp;<\/p>\n<p><strong>Ar\u00e9na Plaza Szamos Marcip\u00e1n \u00fczlet<\/strong> \u00e9p\u00fcletg\u00e9p\u00e9szeti tervez\u00e9se<\/p>\n<p><strong>V\u00e1ci utca 1. Szamos Marcip\u00e1n \u00fczlet<\/strong> \u00e9p\u00fcletg\u00e9p\u00e9szeti tervez\u00e9se<\/p>\n<p>&nbsp;<\/p>\n<p><strong>Magyar K\u00f6zt\u00e1rsas\u00e1g Beregsz\u00e1szi konzuli hivatal. <\/strong><\/p>\n<p>F\u0171t\u00e9s-h\u0171t\u00e9s, szell\u0151z\u00e9s, kiviteli tervek.<\/p>\n<p>&nbsp;<\/p>\n<p><strong>Budapest, Cs\u00e1nyi utcai irodah\u00e1z. <\/strong><\/p>\n<p>F\u0171t\u00e9s, v\u00edzell\u00e1t\u00e1s-csatorn\u00e1z\u00e1s, szell\u0151z\u00e9s, g\u00e1zell\u00e1t\u00e1s \u00e9p\u00edt\u00e9si enged\u00e9lyez\u00e9si, kiviteli tervek.<\/p>\n<p>&nbsp;<\/p>\n<p><strong>Budapest, V\u00e1ci utca 1. volt \u00e9rt\u00e9kt\u0151zsde rekonstrukci\u00f3ja. <\/strong><\/p>\n<p>~11.000 m2 bev\u00e1s\u00e1rl\u00f3k\u00f6zpont ker\u00fcl kialak\u00edt\u00e1sra. F\u0171t\u00e9s-h\u0171t\u00e9s, szell\u0151z\u00e9s, v\u00edzell\u00e1t\u00e1s-csatorn\u00e1z\u00e1s, g\u00e1zell\u00e1t\u00e1s tender \u00e9s kiviteli tervek k\u00e9sz\u00edt\u00e9se t\u00e1rstervez\u0151k\u00e9nt.<\/p>\n<p>&nbsp;<\/p>\n<p><strong>Match \u00c1ruh\u00e1zak<\/strong>:<\/p>\n<p>Bp V\u00e1ci \u00fat 33. sz. \u00fczlet p\u00e9ks\u00e9g b\u0151v\u00edt\u00e9s \u00e9s fel\u00faj\u00edt\u00e1s<\/p>\n<p>V\u00e1c 111. sz. h\u0151k\u00f6zpont \u00e9s szell\u0151z\u00e9s fel\u00faj\u00edt\u00e1s<\/p>\n<p>Szolnok komplett \u00e9p\u00fcletg\u00e9p\u00e9szet, \u00faj \u00e9p\u00edt\u00e9s<br \/>\nBlaha Lujza t\u00e9r R\u00e1k\u00f3czi \u00fat sarok komplett \u00e9p\u00fcletg\u00e9p\u00e9szeti fel\u00faj\u00edt\u00e1s<\/p>\n<p>Dunaplaza komplett \u00e9p\u00fcletg\u00e9p\u00e9szeti \u00e1talak\u00edt\u00e1s<\/p>\n<p>V\u00e1c de\u00e1kv\u00e1ri f\u0151t\u00e9r 649. sz. \u00fczlet teljes g\u00e9p\u00e9szeti rekonstrukci\u00f3<\/p>\n<p>Karcag, Dunakeszi, K\u00e1poszt\u00e1smegyer h\u0151k\u00f6zpont fel\u00faj\u00edt\u00e1s<\/p>\n<p>MOM park komplett fel\u00faj\u00edt\u00e1s<\/p>\n<p>&nbsp;<\/p>\n<p><strong>Magyar K\u00f6zt\u00e1rsas\u00e1g Irodater\u00fclet P\u00e1rizs <\/strong>140. Avenue Victor Hugo<\/p>\n<p>\u00c9p\u00fcletg\u00e9p\u00e9szeti felm\u00e9r\u00e9si \u00e9s kiviteli tervek k\u00e9sz\u00edt\u00e9se.<\/p>\n<p>&nbsp;<\/p>\n<p><strong>Budapest K\u00e1poszt\u00e1smegyeri \u00fat 25. 135 lak\u00e1sos t\u00e1rsash\u00e1z<\/strong><br \/>\n\u00e9p\u00fcletg\u00e9p\u00e9szeti eng.terv \u00e9s tenderterv k\u00e9sz\u00edt\u00e9se.<\/p>\n<p>&nbsp;<\/p>\n<p><strong>\u00c9lelmiszer \u00e1ruh\u00e1z Budapest<\/strong>, \u00dajsz\u00e1sz u kiviteli tervek k\u00e9sz\u00edt\u00e9se.<\/p>\n<p><strong>\u00c9lelmiszer \u00e1ruh\u00e1z <\/strong>Nagyk\u00e1ta kiviteli tervek k\u00e9sz\u00edt\u00e9se.<\/p>\n<p><strong>\u00c9lelmiszer \u00e1ruh\u00e1z J\u00e1szber\u00e9ny&nbsp; <\/strong>kiviteli tervek k\u00e9sz\u00edt\u00e9se.<\/p>\n<p>&nbsp;<\/p>\n<p><strong>Budapesti M\u0171szaki Egyetem Martos Fl\u00f3ra Koll\u00e9gium<\/strong><br \/>\nF\u0171t\u00e9s, szell\u0151z\u00e9s, v\u00edzell\u00e1t\u00e1s-csatorn\u00e1z\u00e1s, t\u00e1vh\u0151 h\u0151k\u00f6zpont fel\u00faj\u00edt\u00e1s kiviteli tervek.<\/p>\n<p>&nbsp;<\/p>\n<p><strong>Richter Gedeon Zrt Bio I. csarnok<\/strong> szell\u0151z\u00e9s kiviteli terv<\/p>\n<p><strong>Richter Gedeon Zrt D2 csarnok<\/strong> f\u0171t\u00f6tt szell\u0151z\u00e9s kiviteli terv<\/p>\n<p><strong>Richter Gedeon Zrt Balatonszemes <\/strong>tanulm\u00e1nyterv<\/p>\n<p>&nbsp;<\/p>\n<p><strong>Dunakeszi B\u00e1rdos L. \u00c1ltal\u00e1nos Iskola fel\u00faj\u00edt\u00e1s<\/strong><br \/>\nF\u0171t\u00e9s, v\u00edzell\u00e1t\u00e1s-csatorn\u00e1z\u00e1s, t\u00e1vh\u0151 h\u0151k\u00f6zpont fel\u00faj\u00edt\u00e1s kiviteli tervek<\/p>\n<p><strong>&nbsp;<\/strong><\/p>\n<p><strong>Dunakeszi J\u00e1r\u00e1si Hivatal kialak\u00edt\u00e1s<\/strong><br \/>\nF\u0171t\u00e9s, v\u00edzell\u00e1t\u00e1s-csatorn\u00e1z\u00e1s, t\u00e1vh\u0151 h\u0151k\u00f6zpont fel\u00faj\u00edt\u00e1s kiviteli tervek<\/p>\n<p><strong>&nbsp;<\/strong><\/p>\n<p><strong>Dunakeszi SZTK H\u0151k\u00f6zpont fel\u00faj\u00edt\u00e1s<\/strong><br \/>\nF\u0171t\u00e9s, v\u00edzell\u00e1t\u00e1s-csatorn\u00e1z\u00e1s, g\u00e1zell\u00e1t\u00e1s, kaz\u00e1ncsere fel\u00faj\u00edt\u00e1s kiviteli tervek<\/p>\n<p>&nbsp;<\/p>\n<p><strong>Dunakeszi Alagi \u00fati \u00f3voda fel\u00faj\u00edt\u00e1s<\/strong><br \/>\nF\u0171t\u00e9s, v\u00edzell\u00e1t\u00e1s-csatorn\u00e1z\u00e1s, g\u00e1zell\u00e1t\u00e1s, kaz\u00e1ncsere fel\u00faj\u00edt\u00e1s kiviteli tervek<\/p>\n<p>&nbsp;<\/p>\n<p><strong>M\u00e1v 71-es vonal 9 db \u00e1llom\u00e1s<\/strong> fel\u00faj\u00edt\u00e1s kiviteli terv<\/p>\n<p>&nbsp;<\/p>\n<p><strong>Duna\u00fajv\u00e1ros Klub Hotel<\/strong> \u00c9tterem \u00e9s Wellness r\u00e9szleg kialak\u00edt\u00e1s kiviteli tervek<\/p>\n<p>&nbsp;<\/p>\n<p><strong>Erste Bank V\u00e1ci \u00fati Irodah\u00e1z<\/strong> h\u0151k\u00f6zpont fel\u00faj\u00edt\u00e1s kiviteli tervek<\/p>\n<p><strong>Erste Private Banking Mom Park<\/strong> Irodah\u00e1z bankfi\u00f3k kiviteli tervek<\/p>\n<p><strong>Erste bankfi\u00f3k Debrecen <\/strong>\u00e1t\u00e9p\u00edt\u00e9s<\/p>\n<p><strong>Erste Bankfi\u00f3k \u00c1rk\u00e1d \u00fczletk\u00f6zpont Budapest <\/strong>\u00e1t\u00e9p\u00edt\u00e9s<\/p>\n<p>&nbsp;<\/p>\n<p><strong>Magyar K\u00f6zt\u00e1rsas\u00e1g Toronto F\u0151konzul\u00e1tus. <\/strong><\/p>\n<p>F\u0171t\u00e9s-h\u0171t\u00e9s, szell\u0151z\u00e9s, v\u00edzell\u00e1t\u00e1s-csatorn\u00e1z\u00e1s, kiviteli tervek.<\/p>\n<p>&nbsp;<\/p>\n<p><strong>Szamos Marcip\u00e1n \u00fczlet kialak\u00edt\u00e1sa Szentendre<\/strong><\/p>\n<p><strong>Szamos Marcip\u00e1n \u00fczlet kialak\u00edt\u00e1sa \u00c1rk\u00e1d \u00fczletk\u00f6zpont Budapest<\/strong><\/p>\n<p><strong>Szamos Marcip\u00e1n \u00fczlet kialak\u00edt\u00e1sa Alle<\/strong><\/p>\n<p><strong>Szamos Marcip\u00e1n \u00fczlet kialak\u00edt\u00e1sa K\u00f6ki Termin\u00e1l<\/strong><\/p>\n<p><strong>Szamos Marcip\u00e1n \u00fczlet kialak\u00edt\u00e1sa V\u00e1ci 1<\/strong><\/p>\n<p><strong>Szamos Marcip\u00e1n \u00fczlet kialak\u00edt\u00e1sa Budapest Sz\u00e9pkil\u00e1t\u00e1s u<\/strong><\/p>\n<p><strong>Szamos Marcip\u00e1n \u00fczem technol\u00f3giai h\u0171t\u00e9s<\/strong><\/p>\n<p>&nbsp;<\/p>\n<p><strong>F\u00fcstg\u00e1z h\u0151visszanyer\u0151 tervez\u00e9se GE Zalaegerszeg <\/strong>\u00fcvegkemence<strong><br \/>\n<\/strong><\/p>\n<p><strong>F\u00fcstg\u00e1z h\u0151visszanyer\u0151 tervez\u00e9se MAT Ker\u00e1mia Magyarszombatfa <\/strong>ker\u00e9miakemence<strong><br \/>\n<\/strong><\/p>\n<p><strong>F\u00fcstg\u00e1z h\u0151visszanyer\u0151 tervez\u00e9se SOLE MIZO Szeged <\/strong>technol\u00f3giai g\u0151ztermel\u00e9s<strong><br \/>\n<\/strong><\/p>\n<p>&nbsp;<\/p>\n<p><strong>SPAR \u00c1ruh\u00e1z MOM Park<\/strong> komplett fel\u00faj\u00edt\u00e1s<\/p>\n<p><strong>SPAR \u00c1ruh\u00e1z Sug\u00e1r<\/strong> komplett fel\u00faj\u00edt\u00e1s<\/p>\n<p><strong>SPAR \u00c1ruh\u00e1z Mammut<\/strong> komplett fel\u00faj\u00edt\u00e1s<\/p>\n<p><strong>SPAR \u00c1ruh\u00e1z Kapuv\u00e1r<\/strong> komplett fel\u00faj\u00edt\u00e1s<\/p>\n<p><strong>SPAR \u00c1ruh\u00e1z Mosonmagyar\u00f3v\u00e1r<\/strong> f\u0171t\u00e9si rendszer fel\u00faj\u00edt\u00e1s<\/p>\n<p><strong>SPAR \u00c1ruh\u00e1z Sk\u00e1la Metro<\/strong> komplett fel\u00faj\u00edt\u00e1s<\/p>\n<p><strong>SPAR \u00c1ruh\u00e1z Budapest Kordov\u00e1n \u00fat <\/strong>komplett fel\u00faj\u00edt\u00e1s<\/p>\n<p><strong>SPAR \u00c1ruh\u00e1z Budapest Erzs\u00e9bet k\u00f6r\u00fat <\/strong>r\u00e9szleges fel\u00faj\u00edt\u00e1s<\/p>\n<p><strong>SPAR \u00c1ruh\u00e1z Budapest K\u00e1roly k\u00f6r\u00fat <\/strong>r\u00e9szleges fel\u00faj\u00edt\u00e1s<\/p>\n<p><strong>SPAR \u00c1ruh\u00e1z Budapest Nagy Lajos kir\u00e1ly \u00fatja <\/strong>kaz\u00e1nh\u00e1z fel\u00faj\u00edt\u00e1s<\/p>\n<p><strong>SPAR \u00c1ruh\u00e1z Budapest R\u00f3zsa utca <\/strong>r\u00e9szleges fel\u00faj\u00edt\u00e1s<\/p>\n<p><strong>SPAR \u00c1ruh\u00e1z Budapest R\u00f3zsa utca <\/strong>r\u00e9szleges fel\u00faj\u00edt\u00e1s<\/p>\n<p><strong>SPAR \u00c1ruh\u00e1z T\u00f6k\u00f6l <\/strong>r\u00e9szleges Light and Easy fel\u00faj\u00edt\u00e1s<\/p>\n<p><strong>SPAR \u00c1ruh\u00e1z Budapest V\u00e1ci \u00fat <\/strong>teljes fel\u00faj\u00edt\u00e1s<\/p>\n<p>&nbsp;<\/p>\n<p><strong>J\u00e1sz\u00e1roksz\u00e1ll\u00e1s Faurecia ipari f\u00fcst \u00e9s porelsz\u00edv\u00e1s<\/strong><\/p>\n<p><strong>&nbsp;<\/strong><\/p>\n<p><strong>Penny Markett \u00c1ruh\u00e1z J\u00e1sz\u00e1roksz\u00e1ll\u00e1s<\/strong> komplett fel\u00faj\u00edt\u00e1s<\/p>\n<p><strong>Penny Markett \u00c1ruh\u00e1z Z\u00e1hony <\/strong>komplett fel\u00faj\u00edt\u00e1s<\/p>\n<p><strong>Penny Markett \u00c1ruh\u00e1z Ny\u00edregyh\u00e1za <\/strong>komplett fel\u00faj\u00edt\u00e1s<\/p>\n<p><strong>Penny Markett \u00c1ruh\u00e1z Szeksz\u00e1rd <\/strong>komplett fel\u00faj\u00edt\u00e1s<\/p>\n<p><strong>Penny Markett \u00c1ruh\u00e1z Csikibege <\/strong>komplett fel\u00faj\u00edt\u00e1s<\/p>\n<p><strong>Penny Markett \u00c1ruh\u00e1z Budapest V\u00e9s\u0151 utca <\/strong>komplett fel\u00faj\u00edt\u00e1s<\/p>\n<p><strong>Penny Markett \u00c1ruh\u00e1z Bonyh\u00e1d <\/strong>komplett fel\u00faj\u00edt\u00e1s<\/p>\n<p><strong>Penny Markett \u00c1ruh\u00e1z Encs <\/strong>komplett fel\u00faj\u00edt\u00e1s<\/p>\n<p><strong>Penny Markett \u00c1ruh\u00e1z Sz\u00e9kesfeh\u00e9rv\u00e1r <\/strong>komplett fel\u00faj\u00edt\u00e1s<\/p>\n<p><strong>Penny Markett \u00c1ruh\u00e1z Tatab\u00e1nya <\/strong>komplett fel\u00faj\u00edt\u00e1s<\/p>\n<p>&nbsp;<\/p>\n<p><strong>TKKI B\u00e1tonyterenye<\/strong> Kist\u00e9rs\u00e9gi Oktat\u00e1si k\u00f6zpont kialak\u00edt\u00e1s g\u00e9p\u00e9szet kiviteli terv<\/p>\n<p><strong>TKKI Feh\u00e9rgyarmat<\/strong> Kist\u00e9rs\u00e9gi Oktat\u00e1si k\u00f6zpont kialak\u00edt\u00e1s g\u00e9p\u00e9szet kiviteli terv<\/p>\n<p>&nbsp;<\/p>\n","protected":false},"excerpt":{"rendered":"<p>Adatk\u00f6zpont technol\u00f3gia h\u0171t\u00e9s, (data center cooling, mobile switching centre cooling) Tender, majd kiviteli terv: Magyarorsz\u00e1g ter\u00fclet\u00e9n, Tisz\u00e1nt\u00falon IT kapacit\u00e1s 600 kW,&nbsp; TIER3+ biztons\u00e1gi szint Magyarorsz\u00e1g ter\u00fclet\u00e9n, Dun\u00e1nt\u00falon IT kapacit\u00e1s 600 kW,&nbsp; TIER3+ biztons\u00e1gi szint Magyarorsz\u00e1g ter\u00fclet\u00e9n, Budapest IT kapacit\u00e1s 200 kW,&nbsp; TIER3+ biztons\u00e1gi szint Rekonstrukci\u00f3 Tender, majd kiviteli terv: Magyarorsz\u00e1g ter\u00fclet\u00e9n, Budapest IT h\u0171t\u00e9s, h\u0171t\u00e9s &hellip; <a href=\"https:\/\/bterv.hu\/?page_id=95\" class=\"more-link\"><span class=\"screen-reader-text\">Tervez\u00e9si<\/span> b\u0151vebben&#8230; <span class=\"meta-nav\">&rarr;<\/span><\/a><\/p>\n","protected":false},"author":1,"featured_media":0,"parent":14,"menu_order":1,"comment_status":"closed","ping_status":"closed","template":"","meta":{"ngg_post_thumbnail":0,"footnotes":""},"class_list":["post-95","page","type-page","status-publish","hentry"],"yoast_head":"<!-- This site is optimized with the Yoast SEO plugin v27.3 - https:\/\/yoast.com\/product\/yoast-seo-wordpress\/ -->\n<title>Tervez\u00e9si - B Terv St\u00fadi\u00f3 Kft.<\/title>\n<meta name=\"robots\" content=\"index, follow, max-snippet:-1, max-image-preview:large, max-video-preview:-1\" \/>\n<link rel=\"canonical\" href=\"https:\/\/bterv.hu\/?page_id=95\" \/>\n<meta property=\"og:locale\" content=\"hu_HU\" \/>\n<meta property=\"og:type\" content=\"article\" \/>\n<meta property=\"og:title\" content=\"Tervez\u00e9si - B Terv St\u00fadi\u00f3 Kft.\" \/>\n<meta property=\"og:description\" content=\"Adatk\u00f6zpont technol\u00f3gia h\u0171t\u00e9s, (data center cooling, mobile switching centre cooling) Tender, majd kiviteli terv: Magyarorsz\u00e1g ter\u00fclet\u00e9n, Tisz\u00e1nt\u00falon IT kapacit\u00e1s 600 kW,&nbsp; TIER3+ biztons\u00e1gi szint Magyarorsz\u00e1g ter\u00fclet\u00e9n, Dun\u00e1nt\u00falon IT kapacit\u00e1s 600 kW,&nbsp; TIER3+ biztons\u00e1gi szint Magyarorsz\u00e1g ter\u00fclet\u00e9n, Budapest IT kapacit\u00e1s 200 kW,&nbsp; TIER3+ biztons\u00e1gi szint Rekonstrukci\u00f3 Tender, majd kiviteli terv: Magyarorsz\u00e1g ter\u00fclet\u00e9n, Budapest IT h\u0171t\u00e9s, h\u0171t\u00e9s &hellip; Tervez\u00e9si b\u0151vebben... &rarr;\" \/>\n<meta property=\"og:url\" content=\"https:\/\/bterv.hu\/?page_id=95\" \/>\n<meta property=\"og:site_name\" content=\"B Terv St\u00fadi\u00f3 Kft.\" \/>\n<meta property=\"article:modified_time\" content=\"2024-03-08T11:20:25+00:00\" \/>\n<meta name=\"twitter:card\" content=\"summary_large_image\" \/>\n<meta name=\"twitter:label1\" content=\"Becs\u00fclt olvas\u00e1si id\u0151\" \/>\n\t<meta name=\"twitter:data1\" content=\"5 perc\" \/>\n<script type=\"application\/ld+json\" class=\"yoast-schema-graph\">{\"@context\":\"https:\\\/\\\/schema.org\",\"@graph\":[{\"@type\":\"WebPage\",\"@id\":\"https:\\\/\\\/bterv.hu\\\/?page_id=95\",\"url\":\"https:\\\/\\\/bterv.hu\\\/?page_id=95\",\"name\":\"Tervez\u00e9si - B Terv St\u00fadi\u00f3 Kft.\",\"isPartOf\":{\"@id\":\"https:\\\/\\\/bterv.hu\\\/#website\"},\"datePublished\":\"2015-10-28T08:18:17+00:00\",\"dateModified\":\"2024-03-08T11:20:25+00:00\",\"breadcrumb\":{\"@id\":\"https:\\\/\\\/bterv.hu\\\/?page_id=95#breadcrumb\"},\"inLanguage\":\"hu\",\"potentialAction\":[{\"@type\":\"ReadAction\",\"target\":[\"https:\\\/\\\/bterv.hu\\\/?page_id=95\"]}]},{\"@type\":\"BreadcrumbList\",\"@id\":\"https:\\\/\\\/bterv.hu\\\/?page_id=95#breadcrumb\",\"itemListElement\":[{\"@type\":\"ListItem\",\"position\":1,\"name\":\"Kezd\u0151lap\",\"item\":\"https:\\\/\\\/bterv.hu\\\/\"},{\"@type\":\"ListItem\",\"position\":2,\"name\":\"Referenci\u00e1k\",\"item\":\"https:\\\/\\\/bterv.hu\\\/?page_id=14\"},{\"@type\":\"ListItem\",\"position\":3,\"name\":\"Tervez\u00e9si\"}]},{\"@type\":\"WebSite\",\"@id\":\"https:\\\/\\\/bterv.hu\\\/#website\",\"url\":\"https:\\\/\\\/bterv.hu\\\/\",\"name\":\"B Terv St\u00fadi\u00f3 Kft.\",\"description\":\"\u00e9p\u00fcletg\u00e9p\u00e9sz tervez\u00e9s\",\"potentialAction\":[{\"@type\":\"SearchAction\",\"target\":{\"@type\":\"EntryPoint\",\"urlTemplate\":\"https:\\\/\\\/bterv.hu\\\/?s={search_term_string}\"},\"query-input\":{\"@type\":\"PropertyValueSpecification\",\"valueRequired\":true,\"valueName\":\"search_term_string\"}}],\"inLanguage\":\"hu\"}]}<\/script>\n<!-- \/ Yoast SEO plugin. -->","yoast_head_json":{"title":"Tervez\u00e9si - B Terv St\u00fadi\u00f3 Kft.","robots":{"index":"index","follow":"follow","max-snippet":"max-snippet:-1","max-image-preview":"max-image-preview:large","max-video-preview":"max-video-preview:-1"},"canonical":"https:\/\/bterv.hu\/?page_id=95","og_locale":"hu_HU","og_type":"article","og_title":"Tervez\u00e9si - B Terv St\u00fadi\u00f3 Kft.","og_description":"Adatk\u00f6zpont technol\u00f3gia h\u0171t\u00e9s, (data center cooling, mobile switching centre cooling) Tender, majd kiviteli terv: Magyarorsz\u00e1g ter\u00fclet\u00e9n, Tisz\u00e1nt\u00falon IT kapacit\u00e1s 600 kW,&nbsp; TIER3+ biztons\u00e1gi szint Magyarorsz\u00e1g ter\u00fclet\u00e9n, Dun\u00e1nt\u00falon IT kapacit\u00e1s 600 kW,&nbsp; TIER3+ biztons\u00e1gi szint Magyarorsz\u00e1g ter\u00fclet\u00e9n, Budapest IT kapacit\u00e1s 200 kW,&nbsp; TIER3+ biztons\u00e1gi szint Rekonstrukci\u00f3 Tender, majd kiviteli terv: Magyarorsz\u00e1g ter\u00fclet\u00e9n, Budapest IT h\u0171t\u00e9s, h\u0171t\u00e9s &hellip; Tervez\u00e9si b\u0151vebben... &rarr;","og_url":"https:\/\/bterv.hu\/?page_id=95","og_site_name":"B Terv St\u00fadi\u00f3 Kft.","article_modified_time":"2024-03-08T11:20:25+00:00","twitter_card":"summary_large_image","twitter_misc":{"Becs\u00fclt olvas\u00e1si id\u0151":"5 perc"},"schema":{"@context":"https:\/\/schema.org","@graph":[{"@type":"WebPage","@id":"https:\/\/bterv.hu\/?page_id=95","url":"https:\/\/bterv.hu\/?page_id=95","name":"Tervez\u00e9si - B Terv St\u00fadi\u00f3 Kft.","isPartOf":{"@id":"https:\/\/bterv.hu\/#website"},"datePublished":"2015-10-28T08:18:17+00:00","dateModified":"2024-03-08T11:20:25+00:00","breadcrumb":{"@id":"https:\/\/bterv.hu\/?page_id=95#breadcrumb"},"inLanguage":"hu","potentialAction":[{"@type":"ReadAction","target":["https:\/\/bterv.hu\/?page_id=95"]}]},{"@type":"BreadcrumbList","@id":"https:\/\/bterv.hu\/?page_id=95#breadcrumb","itemListElement":[{"@type":"ListItem","position":1,"name":"Kezd\u0151lap","item":"https:\/\/bterv.hu\/"},{"@type":"ListItem","position":2,"name":"Referenci\u00e1k","item":"https:\/\/bterv.hu\/?page_id=14"},{"@type":"ListItem","position":3,"name":"Tervez\u00e9si"}]},{"@type":"WebSite","@id":"https:\/\/bterv.hu\/#website","url":"https:\/\/bterv.hu\/","name":"B Terv St\u00fadi\u00f3 Kft.","description":"\u00e9p\u00fcletg\u00e9p\u00e9sz tervez\u00e9s","potentialAction":[{"@type":"SearchAction","target":{"@type":"EntryPoint","urlTemplate":"https:\/\/bterv.hu\/?s={search_term_string}"},"query-input":{"@type":"PropertyValueSpecification","valueRequired":true,"valueName":"search_term_string"}}],"inLanguage":"hu"}]}},"_links":{"self":[{"href":"https:\/\/bterv.hu\/index.php?rest_route=\/wp\/v2\/pages\/95","targetHints":{"allow":["GET"]}}],"collection":[{"href":"https:\/\/bterv.hu\/index.php?rest_route=\/wp\/v2\/pages"}],"about":[{"href":"https:\/\/bterv.hu\/index.php?rest_route=\/wp\/v2\/types\/page"}],"author":[{"embeddable":true,"href":"https:\/\/bterv.hu\/index.php?rest_route=\/wp\/v2\/users\/1"}],"replies":[{"embeddable":true,"href":"https:\/\/bterv.hu\/index.php?rest_route=%2Fwp%2Fv2%2Fcomments&post=95"}],"version-history":[{"count":15,"href":"https:\/\/bterv.hu\/index.php?rest_route=\/wp\/v2\/pages\/95\/revisions"}],"predecessor-version":[{"id":241,"href":"https:\/\/bterv.hu\/index.php?rest_route=\/wp\/v2\/pages\/95\/revisions\/241"}],"up":[{"embeddable":true,"href":"https:\/\/bterv.hu\/index.php?rest_route=\/wp\/v2\/pages\/14"}],"wp:attachment":[{"href":"https:\/\/bterv.hu\/index.php?rest_route=%2Fwp%2Fv2%2Fmedia&parent=95"}],"curies":[{"name":"wp","href":"https:\/\/api.w.org\/{rel}","templated":true}]}}