{"id":97,"date":"2015-10-28T09:18:49","date_gmt":"2015-10-28T08:18:49","guid":{"rendered":"http:\/\/bterv.hu\/?page_id=97"},"modified":"2024-03-08T10:39:06","modified_gmt":"2024-03-08T09:39:06","slug":"muszaki-ellnori","status":"publish","type":"page","link":"https:\/\/bterv.hu\/?page_id=97","title":{"rendered":"M\u0171szaki ellen\u0151ri"},"content":{"rendered":"<p>&nbsp;<\/p>\n<p><strong>M\u0171szaki ellen\u0151rk\u00e9nt:<\/strong><\/p>\n<p>Adatk\u00f6zpont technol\u00f3gia h\u0171t\u00e9s, (data center cooling, mobile switching centre cooling)<strong><br \/>\n<\/strong><\/p>\n<p>Magyarorsz\u00e1g ter\u00fclet\u00e9n, Budapest IT kapacit\u00e1s 200 kW,&nbsp; TIER3+ biztons\u00e1gi szint<\/p>\n<p>Ward M\u00e1ria \u00c1lt. Iskola g\u00e9p\u00e9szeti fel\u00faj\u00edt\u00e1s II. \u00fctem<\/p>\n<p>Zugl\u00f3i Fog\u00e1szati K\u00f6zpont b\u0151v\u00edt\u00e9se, komplett \u00e9p\u00fcletg\u00e9p\u00e9szet<\/p>\n<p>P\u00e1ty, p\u00e1tyolgat\u00f3 \u00d3voda kaz\u00e1ncsere<\/p>\n<p>Als\u00f3\u00f6rs M\u00e1lna u. csal\u00e1di h\u00e1z komplett \u00e9p\u00fcletg\u00e9p\u00e9szet<\/p>\n<p>P\u00e1ty R\u00f3kalyuk csal\u00e1di h\u00e1z komplett \u00e9p\u00fcletg\u00e9p\u00e9szet<\/p>\n<p>Bp. Mozdony u csal\u00e1di h\u00e1z komplett \u00e9p\u00fcletg\u00e9p\u00e9szet<\/p>\n<p>Bp. R\u00e9zs\u0171 u t\u00e1rsash\u00e1z komplett \u00e9p\u00fcletg\u00e9p\u00e9szet<\/p>\n<p>Bp. Z\u00e1por u 76 t\u00e1rsash\u00e1z t\u00e1vf\u0171t\u00e9s fel\u00faj\u00edt\u00e1s<\/p>\n<p>Bp. T\u00e1v\u00edr\u00f3 u 11 t\u00e1rsash\u00e1z t\u00e1vh\u0151 korszer\u0171s\u00edt\u00e9s<br \/>\nWard M\u00e1ria \u00c1lt. Iskola KEOP g\u00e9p\u00e9szeti fel\u00faj\u00edt\u00e1s<\/p>\n<p>Sz\u00e1r p\u00e1linkaf\u0151z\u0151 komplett \u00e9p\u00fcletg\u00e9p\u00e9szet<br \/>\nBudapest Meredek-Korompai u t\u00e1rsash\u00e1z v\u00edz alapvezet\u00e9k csere<\/p>\n<p>Bp. t\u00e1rsash\u00e1zak g\u00e1zvezet\u00e9keinek fel\u00faj\u00edt\u00e1s<br \/>\nBp. XVI. Ker. Honfoglal\u00e1s lak\u00f3park<br \/>\nKorda Villa Velence Komplett \u00e9p\u00fcletg\u00e9p\u00e9szeti rendszer<br \/>\nBp. Vid\u00e1m utca 8-12 t\u00e1rsash\u00e1z t\u00e1vh\u0151 korszer\u0171s\u00edt\u00e9s<\/p>\n<p>Mom Park Spar \u00c1ruh\u00e1z \u00e1t\u00e9p\u00edt\u00e9s<\/p>\n<p>Sug\u00e1r \u00dczletk\u00f6zpont Spar \u00c1ruh\u00e1z \u00e1t\u00e9p\u00edt\u00e9s<\/p>\n<p>Mammut Spar \u00c1ruh\u00e1z \u00e1t\u00e9p\u00edt\u00e9s<\/p>\n<p>Coats Hungary Kft k\u00fcls\u0151 csatorna \u00e9p\u00edt\u00e9s<\/p>\n<p>Budapest Csalog\u00e1ny u 6.-10. huzatfokoz\u00f3 ventil\u00e1torok elhelyez\u00e9se<\/p>\n<p>Ward M\u00e1ria \u00c1lt. Iskola emelet r\u00e1\u00e9p\u00edt\u00e9s<\/p>\n<p>Nyugati t\u00e9r Spar \u00c1ruh\u00e1z \u00e1t\u00e9p\u00edt\u00e9s<\/p>\n<p>Melecs gy\u00e1rt\u00f3csarnok Gy\u0151r \u00e9p\u00fcletg\u00e9p\u00e9szet, technol\u00f3giai g\u00e9p\u00e9szet<\/p>\n<p>Budapest, Vas u. 7., t\u00e1rsash\u00e1z m\u00e9retlen g\u00e1zvezet\u00e9keinek fel\u00faj\u00edt\u00e1sa<\/p>\n<p>Budapest, Zr\u00ednyi u. 1, 1214, Spar \u00c1ruh\u00e1z \u00e1t\u00e9p\u00edt\u00e9s<\/p>\n<p>Budapest, Zr\u00ednyi u. 1, 1214, Spar \u00c1ruh\u00e1z \u00e1t\u00e9p\u00edt\u00e9s<\/p>\n<p>MVM Paks2 Iroda Akad\u00e9mia Business Center 2-3. emelet \u00e9p\u00fcletg\u00e9p\u00e9szet<\/p>\n<p>Budapest, Retek u. Spar \u00c1ruh\u00e1z l\u00e9tes\u00edt\u00e9s<\/p>\n<p>Budapest, Horv\u00e1th Mih\u00e1ly t\u00e9r&nbsp; 23 lak\u00e1sos t\u00e1rsash\u00e1z h\u00e1zk\u00f6zponti f\u0171t\u00e9s, h\u0151eloszt\u00f3, h\u0151fogyaszt\u00f3, korszer\u0171s\u00edt\u00e9s, k\u00f6lts\u00e9goszt\u00e1s l\u00e9tes\u00edt\u00e9s<\/p>\n","protected":false},"excerpt":{"rendered":"<p>&nbsp; M\u0171szaki ellen\u0151rk\u00e9nt: Adatk\u00f6zpont technol\u00f3gia h\u0171t\u00e9s, (data center cooling, mobile switching centre cooling) Magyarorsz\u00e1g ter\u00fclet\u00e9n, Budapest IT kapacit\u00e1s 200 kW,&nbsp; TIER3+ biztons\u00e1gi szint Ward M\u00e1ria \u00c1lt. Iskola g\u00e9p\u00e9szeti fel\u00faj\u00edt\u00e1s II. \u00fctem Zugl\u00f3i Fog\u00e1szati K\u00f6zpont b\u0151v\u00edt\u00e9se, komplett \u00e9p\u00fcletg\u00e9p\u00e9szet P\u00e1ty, p\u00e1tyolgat\u00f3 \u00d3voda kaz\u00e1ncsere Als\u00f3\u00f6rs M\u00e1lna u. csal\u00e1di h\u00e1z komplett \u00e9p\u00fcletg\u00e9p\u00e9szet P\u00e1ty R\u00f3kalyuk csal\u00e1di h\u00e1z komplett \u00e9p\u00fcletg\u00e9p\u00e9szet Bp. &hellip; <a href=\"https:\/\/bterv.hu\/?page_id=97\" class=\"more-link\"><span class=\"screen-reader-text\">M\u0171szaki ellen\u0151ri<\/span> b\u0151vebben&#8230; <span class=\"meta-nav\">&rarr;<\/span><\/a><\/p>\n","protected":false},"author":1,"featured_media":0,"parent":14,"menu_order":2,"comment_status":"closed","ping_status":"closed","template":"","meta":{"ngg_post_thumbnail":0,"footnotes":""},"class_list":["post-97","page","type-page","status-publish","hentry"],"yoast_head":"<!-- This site is optimized with the Yoast SEO plugin v27.3 - https:\/\/yoast.com\/product\/yoast-seo-wordpress\/ -->\n<title>M\u0171szaki ellen\u0151ri - B Terv St\u00fadi\u00f3 Kft.<\/title>\n<meta name=\"robots\" content=\"index, follow, max-snippet:-1, max-image-preview:large, max-video-preview:-1\" \/>\n<link rel=\"canonical\" href=\"https:\/\/bterv.hu\/?page_id=97\" \/>\n<meta property=\"og:locale\" content=\"hu_HU\" \/>\n<meta property=\"og:type\" content=\"article\" \/>\n<meta property=\"og:title\" content=\"M\u0171szaki ellen\u0151ri - B Terv St\u00fadi\u00f3 Kft.\" \/>\n<meta property=\"og:description\" content=\"&nbsp; M\u0171szaki ellen\u0151rk\u00e9nt: Adatk\u00f6zpont technol\u00f3gia h\u0171t\u00e9s, (data center cooling, mobile switching centre cooling) Magyarorsz\u00e1g ter\u00fclet\u00e9n, Budapest IT kapacit\u00e1s 200 kW,&nbsp; TIER3+ biztons\u00e1gi szint Ward M\u00e1ria \u00c1lt. Iskola g\u00e9p\u00e9szeti fel\u00faj\u00edt\u00e1s II. \u00fctem Zugl\u00f3i Fog\u00e1szati K\u00f6zpont b\u0151v\u00edt\u00e9se, komplett \u00e9p\u00fcletg\u00e9p\u00e9szet P\u00e1ty, p\u00e1tyolgat\u00f3 \u00d3voda kaz\u00e1ncsere Als\u00f3\u00f6rs M\u00e1lna u. csal\u00e1di h\u00e1z komplett \u00e9p\u00fcletg\u00e9p\u00e9szet P\u00e1ty R\u00f3kalyuk csal\u00e1di h\u00e1z komplett \u00e9p\u00fcletg\u00e9p\u00e9szet Bp. &hellip; M\u0171szaki ellen\u0151ri b\u0151vebben... &rarr;\" \/>\n<meta property=\"og:url\" content=\"https:\/\/bterv.hu\/?page_id=97\" \/>\n<meta property=\"og:site_name\" content=\"B Terv St\u00fadi\u00f3 Kft.\" \/>\n<meta property=\"article:modified_time\" content=\"2024-03-08T09:39:06+00:00\" \/>\n<meta name=\"twitter:card\" content=\"summary_large_image\" \/>\n<meta name=\"twitter:label1\" content=\"Becs\u00fclt olvas\u00e1si id\u0151\" \/>\n\t<meta name=\"twitter:data1\" content=\"2 perc\" \/>\n<script type=\"application\/ld+json\" class=\"yoast-schema-graph\">{\"@context\":\"https:\\\/\\\/schema.org\",\"@graph\":[{\"@type\":\"WebPage\",\"@id\":\"https:\\\/\\\/bterv.hu\\\/?page_id=97\",\"url\":\"https:\\\/\\\/bterv.hu\\\/?page_id=97\",\"name\":\"M\u0171szaki ellen\u0151ri - B Terv St\u00fadi\u00f3 Kft.\",\"isPartOf\":{\"@id\":\"https:\\\/\\\/bterv.hu\\\/#website\"},\"datePublished\":\"2015-10-28T08:18:49+00:00\",\"dateModified\":\"2024-03-08T09:39:06+00:00\",\"breadcrumb\":{\"@id\":\"https:\\\/\\\/bterv.hu\\\/?page_id=97#breadcrumb\"},\"inLanguage\":\"hu\",\"potentialAction\":[{\"@type\":\"ReadAction\",\"target\":[\"https:\\\/\\\/bterv.hu\\\/?page_id=97\"]}]},{\"@type\":\"BreadcrumbList\",\"@id\":\"https:\\\/\\\/bterv.hu\\\/?page_id=97#breadcrumb\",\"itemListElement\":[{\"@type\":\"ListItem\",\"position\":1,\"name\":\"Kezd\u0151lap\",\"item\":\"https:\\\/\\\/bterv.hu\\\/\"},{\"@type\":\"ListItem\",\"position\":2,\"name\":\"Referenci\u00e1k\",\"item\":\"https:\\\/\\\/bterv.hu\\\/?page_id=14\"},{\"@type\":\"ListItem\",\"position\":3,\"name\":\"M\u0171szaki ellen\u0151ri\"}]},{\"@type\":\"WebSite\",\"@id\":\"https:\\\/\\\/bterv.hu\\\/#website\",\"url\":\"https:\\\/\\\/bterv.hu\\\/\",\"name\":\"B Terv St\u00fadi\u00f3 Kft.\",\"description\":\"\u00e9p\u00fcletg\u00e9p\u00e9sz tervez\u00e9s\",\"potentialAction\":[{\"@type\":\"SearchAction\",\"target\":{\"@type\":\"EntryPoint\",\"urlTemplate\":\"https:\\\/\\\/bterv.hu\\\/?s={search_term_string}\"},\"query-input\":{\"@type\":\"PropertyValueSpecification\",\"valueRequired\":true,\"valueName\":\"search_term_string\"}}],\"inLanguage\":\"hu\"}]}<\/script>\n<!-- \/ Yoast SEO plugin. -->","yoast_head_json":{"title":"M\u0171szaki ellen\u0151ri - B Terv St\u00fadi\u00f3 Kft.","robots":{"index":"index","follow":"follow","max-snippet":"max-snippet:-1","max-image-preview":"max-image-preview:large","max-video-preview":"max-video-preview:-1"},"canonical":"https:\/\/bterv.hu\/?page_id=97","og_locale":"hu_HU","og_type":"article","og_title":"M\u0171szaki ellen\u0151ri - B Terv St\u00fadi\u00f3 Kft.","og_description":"&nbsp; M\u0171szaki ellen\u0151rk\u00e9nt: Adatk\u00f6zpont technol\u00f3gia h\u0171t\u00e9s, (data center cooling, mobile switching centre cooling) Magyarorsz\u00e1g ter\u00fclet\u00e9n, Budapest IT kapacit\u00e1s 200 kW,&nbsp; TIER3+ biztons\u00e1gi szint Ward M\u00e1ria \u00c1lt. Iskola g\u00e9p\u00e9szeti fel\u00faj\u00edt\u00e1s II. \u00fctem Zugl\u00f3i Fog\u00e1szati K\u00f6zpont b\u0151v\u00edt\u00e9se, komplett \u00e9p\u00fcletg\u00e9p\u00e9szet P\u00e1ty, p\u00e1tyolgat\u00f3 \u00d3voda kaz\u00e1ncsere Als\u00f3\u00f6rs M\u00e1lna u. csal\u00e1di h\u00e1z komplett \u00e9p\u00fcletg\u00e9p\u00e9szet P\u00e1ty R\u00f3kalyuk csal\u00e1di h\u00e1z komplett \u00e9p\u00fcletg\u00e9p\u00e9szet Bp. &hellip; M\u0171szaki ellen\u0151ri b\u0151vebben... &rarr;","og_url":"https:\/\/bterv.hu\/?page_id=97","og_site_name":"B Terv St\u00fadi\u00f3 Kft.","article_modified_time":"2024-03-08T09:39:06+00:00","twitter_card":"summary_large_image","twitter_misc":{"Becs\u00fclt olvas\u00e1si id\u0151":"2 perc"},"schema":{"@context":"https:\/\/schema.org","@graph":[{"@type":"WebPage","@id":"https:\/\/bterv.hu\/?page_id=97","url":"https:\/\/bterv.hu\/?page_id=97","name":"M\u0171szaki ellen\u0151ri - B Terv St\u00fadi\u00f3 Kft.","isPartOf":{"@id":"https:\/\/bterv.hu\/#website"},"datePublished":"2015-10-28T08:18:49+00:00","dateModified":"2024-03-08T09:39:06+00:00","breadcrumb":{"@id":"https:\/\/bterv.hu\/?page_id=97#breadcrumb"},"inLanguage":"hu","potentialAction":[{"@type":"ReadAction","target":["https:\/\/bterv.hu\/?page_id=97"]}]},{"@type":"BreadcrumbList","@id":"https:\/\/bterv.hu\/?page_id=97#breadcrumb","itemListElement":[{"@type":"ListItem","position":1,"name":"Kezd\u0151lap","item":"https:\/\/bterv.hu\/"},{"@type":"ListItem","position":2,"name":"Referenci\u00e1k","item":"https:\/\/bterv.hu\/?page_id=14"},{"@type":"ListItem","position":3,"name":"M\u0171szaki ellen\u0151ri"}]},{"@type":"WebSite","@id":"https:\/\/bterv.hu\/#website","url":"https:\/\/bterv.hu\/","name":"B Terv St\u00fadi\u00f3 Kft.","description":"\u00e9p\u00fcletg\u00e9p\u00e9sz tervez\u00e9s","potentialAction":[{"@type":"SearchAction","target":{"@type":"EntryPoint","urlTemplate":"https:\/\/bterv.hu\/?s={search_term_string}"},"query-input":{"@type":"PropertyValueSpecification","valueRequired":true,"valueName":"search_term_string"}}],"inLanguage":"hu"}]}},"_links":{"self":[{"href":"https:\/\/bterv.hu\/index.php?rest_route=\/wp\/v2\/pages\/97","targetHints":{"allow":["GET"]}}],"collection":[{"href":"https:\/\/bterv.hu\/index.php?rest_route=\/wp\/v2\/pages"}],"about":[{"href":"https:\/\/bterv.hu\/index.php?rest_route=\/wp\/v2\/types\/page"}],"author":[{"embeddable":true,"href":"https:\/\/bterv.hu\/index.php?rest_route=\/wp\/v2\/users\/1"}],"replies":[{"embeddable":true,"href":"https:\/\/bterv.hu\/index.php?rest_route=%2Fwp%2Fv2%2Fcomments&post=97"}],"version-history":[{"count":10,"href":"https:\/\/bterv.hu\/index.php?rest_route=\/wp\/v2\/pages\/97\/revisions"}],"predecessor-version":[{"id":238,"href":"https:\/\/bterv.hu\/index.php?rest_route=\/wp\/v2\/pages\/97\/revisions\/238"}],"up":[{"embeddable":true,"href":"https:\/\/bterv.hu\/index.php?rest_route=\/wp\/v2\/pages\/14"}],"wp:attachment":[{"href":"https:\/\/bterv.hu\/index.php?rest_route=%2Fwp%2Fv2%2Fmedia&parent=97"}],"curies":[{"name":"wp","href":"https:\/\/api.w.org\/{rel}","templated":true}]}}